{"id":5672,"date":"2026-05-01T14:55:28","date_gmt":"2026-05-01T13:55:28","guid":{"rendered":"https:\/\/afzal-kitchen.es\/?page_id=5672"},"modified":"2026-05-01T16:05:34","modified_gmt":"2026-05-01T15:05:34","slug":"chef-privado-en-guadalajara","status":"publish","type":"page","link":"https:\/\/afzal-kitchen.es\/en\/chef-privado-en-guadalajara\/","title":{"rendered":"Chef privado en Guadalajara"},"content":{"rendered":"<div class=\"wp-block-columns is-layout-flex wp-container-core-columns-is-layout-28f84493 wp-block-columns-is-layout-flex\">\n<div class=\"wp-block-column is-layout-flow wp-block-column-is-layout-flow\">\n<h1 class=\"wp-block-heading alignfull has-text-align-center\">Chef privado en Guadalajara para cenas en casa (desde 25\u20ac)<\/h1>\n\n\n\n<p class=\"has-text-align-center\">\u00bfQuieres disfrutar de una cena privada de <strong>comida india<\/strong> en casa sin preocuparte por cocinar? Ofrezco servicio de chef privado en Guadalajara con men\u00fa personalizado y experiencia completa.<\/p>\n\n\n<div data-spectra-id=\"spectra-momysfis-cqhivj\" class=\"wp-block-button spectra-buttons wp-block-spectra-buttons\">\n\t\n<a data-spectra-id=\"spectra-momysfut-npairc\" href=\"https:\/\/wa.me\/34631765559?text=Hola,%20quiero%20presupuesto%20para%20chef%20privado%20en%20Guadalajara%20para%20una%20cena%20en%20casa\" target=\"_self\" aria-label=\"\ud83d\udc49 Pedir presupuesto por WhatsApp\" style=\"--spectra-background-color: vivid-green-cyan\" class=\"wp-block-button__link wp-element-button spectra-background-color wp-block-spectra-button has-background has-vivid-green-cyan-background-color\">\n<div class=\"spectra-button__link\">\ud83d\udc49 Pedir presupuesto por WhatsApp<\/div><\/a>\n\n<\/div>\n<\/div>\n<\/div>\n\n\n\n<figure data-spectra-id=\"spectra-momyw4c6-t8pnoh\" class=\"wp-block-image alignfull size-full\"><img fetchpriority=\"high\" decoding=\"async\" width=\"1200\" height=\"800\" src=\"https:\/\/afzal-kitchen.es\/wp-content\/uploads\/2026\/05\/chef-privado-guadalajara-comida-india-en-casa.webp\" alt=\"chef privado en Guadalajara preparando comida india en casa\" class=\"wp-image-5673\" srcset=\"https:\/\/afzal-kitchen.es\/wp-content\/uploads\/2026\/05\/chef-privado-guadalajara-comida-india-en-casa.webp 1200w, https:\/\/afzal-kitchen.es\/wp-content\/uploads\/2026\/05\/chef-privado-guadalajara-comida-india-en-casa-300x200.webp 300w, https:\/\/afzal-kitchen.es\/wp-content\/uploads\/2026\/05\/chef-privado-guadalajara-comida-india-en-casa-1024x683.webp 1024w, https:\/\/afzal-kitchen.es\/wp-content\/uploads\/2026\/05\/chef-privado-guadalajara-comida-india-en-casa-768x512.webp 768w\" sizes=\"(max-width: 1200px) 100vw, 1200px\" \/><\/figure>\n\n\n\n<div class=\"wp-block-columns is-layout-flex wp-container-core-columns-is-layout-28f84493 wp-block-columns-is-layout-flex\">\n<div class=\"wp-block-column is-layout-flow wp-block-column-is-layout-flow\">\n<h2 class=\"wp-block-heading alignfull has-text-align-center\">C\u00f3mo funciona el servicio de chef privado en Guadalajara<\/h2>\n\n\n\n<ol class=\"wp-block-list\">\n<li>Escr\u00edbenos por WhatsApp con tu idea de cena (fecha y personas)<\/li>\n\n\n\n<li>Te enviamos un men\u00fa de comida india personalizado y precio<\/li>\n\n\n\n<li>Confirmas y cocino en tu casa el d\u00eda del evento<\/li>\n<\/ol>\n<\/div>\n<\/div>\n\n\n\n<div class=\"wp-block-columns is-layout-flex wp-container-core-columns-is-layout-28f84493 wp-block-columns-is-layout-flex\">\n<div class=\"wp-block-column is-layout-flow wp-block-column-is-layout-flow\">\n<h2 class=\"wp-block-heading alignfull has-text-align-center\">Servicio de chef privado en Guadalajara: qu\u00e9 incluye<\/h2>\n\n\n\n<p class=\"has-text-align-center has-ast-global-color-3-color has-text-color has-link-color wp-elements-92eeb4e118dba68c26fd6d8121a5283f\"><a href=\"https:\/\/afzal-kitchen.es\/en\/chef-privado-madrid\/\" title=\"Ofrezco servicio de chef privado en Guadalajara para cenas en casa con comida india\">Ofrezco servicio de chef privado en Guadalajara para cenas en casa con comida india<\/a>, adaptado a cada evento y preferencia.<\/p>\n\n\n\n<p>Men\u00fa personalizado seg\u00fan gustos y tipo de evento<br>Compra de ingredientes frescos<br>Preparaci\u00f3n de comida en tu casa<br>Presentaci\u00f3n profesional de los platos<br>Limpieza b\u00e1sica despu\u00e9s del servicio<br>Opciones vegetarianas y adaptadas<\/p>\n<\/div>\n<\/div>\n\n\n\n<div class=\"wp-block-columns is-layout-flex wp-container-core-columns-is-layout-28f84493 wp-block-columns-is-layout-flex\">\n<div class=\"wp-block-column is-layout-flow wp-block-column-is-layout-flow\">\n<h2 class=\"wp-block-heading alignfull has-text-align-center\">Precio chef privado en Guadalajara<\/h2>\n\n\n\n<p class=\"has-text-align-center\">El servicio de chef privado en Guadalajara empieza desde 25\u20ac por persona, seg\u00fan el men\u00fa y n\u00famero de invitados.<\/p>\n\n\n\n<figure data-spectra-id=\"spectra-mon0cuel-cqsbw9\" class=\"wp-block-image alignfull size-full\"><img decoding=\"async\" width=\"1200\" height=\"800\" src=\"https:\/\/afzal-kitchen.es\/wp-content\/uploads\/2026\/05\/chef-privado-guadalajara-cena-en-casa-precio.webp\" alt=\"chef privado en Guadalajara preparando cena en casa con comida india\" class=\"wp-image-5681\" srcset=\"https:\/\/afzal-kitchen.es\/wp-content\/uploads\/2026\/05\/chef-privado-guadalajara-cena-en-casa-precio.webp 1200w, https:\/\/afzal-kitchen.es\/wp-content\/uploads\/2026\/05\/chef-privado-guadalajara-cena-en-casa-precio-300x200.webp 300w, https:\/\/afzal-kitchen.es\/wp-content\/uploads\/2026\/05\/chef-privado-guadalajara-cena-en-casa-precio-1024x683.webp 1024w, https:\/\/afzal-kitchen.es\/wp-content\/uploads\/2026\/05\/chef-privado-guadalajara-cena-en-casa-precio-768x512.webp 768w\" sizes=\"(max-width: 1200px) 100vw, 1200px\" \/><\/figure>\n\n\n\n<p>Cena b\u00e1sica: desde 25\u20ac por persona<br>Men\u00fa personalizado: 30\u20ac \u2013 45\u20ac<br>Experiencia premium en casa: desde 50+<\/p>\n\n\n<div data-spectra-id=\"spectra-mon14vou-4b371d\" class=\"wp-block-button spectra-buttons wp-block-spectra-buttons\">\n\t\n<a data-spectra-id=\"spectra-mon14w3h-krigl8\" href=\"https:\/\/wa.me\/34631765559?text=Hola,%20quiero%20presupuesto%20para%20chef%20privado%20en%20Guadalajara%20para%20una%20cena%20en%20casa\" target=\"_self\" aria-label=\"Pedir presupuesto por WhatsApp\" style=\"--spectra-background-color: vivid-green-cyan\" class=\"wp-block-button__link wp-element-button spectra-background-color wp-block-spectra-button has-background has-vivid-green-cyan-background-color\">\n<div class=\"spectra-button__link\"> Pedir presupuesto por WhatsApp<\/div><\/a>\n\n<\/div>\n<\/div>\n<\/div>\n\n\n\n<div class=\"wp-block-columns is-layout-flex wp-container-core-columns-is-layout-28f84493 wp-block-columns-is-layout-flex\">\n<div class=\"wp-block-column is-layout-flow wp-block-column-is-layout-flow\">\n<h2 class=\"wp-block-heading alignfull has-text-align-center\">Preguntas frecuentes sobre chef privado en Guadalajara<\/h2>\n\n\n\n<p><strong>\u00bfCu\u00e1nto cuesta un chef privado en Guadalajara?<\/strong><br>Desde 25\u20ac por persona seg\u00fan el men\u00fa y n\u00famero de invitados.<\/p>\n\n\n\n<p><strong>\u00bfQu\u00e9 incluye el servicio?<\/strong><br>Men\u00fa personalizado, compra de ingredientes, cocina en tu casa y presentaci\u00f3n de platos.<\/p>\n\n\n\n<p><strong>\u00bfCu\u00e1ntas personas m\u00ednimo?<\/strong><br>Nos adaptamos a cenas privadas y peque\u00f1os eventos en casa.<\/p>\n\n\n\n<p class=\"has-ast-global-color-3-color has-text-color has-link-color wp-elements-6a534c99f7dca78e5d911f8eb975be44\"><a href=\"https:\/\/afzal-kitchen.es\/en\/menu\/\" title=\"\u00bfSe puede personalizar el men\u00fa?S\u00ed, ofrecemos opciones vegetarianas y adaptadas a tus gustos.\"><strong>\u00bfSe puede personalizar el men\u00fa?<\/strong><br>S\u00ed, ofrecemos opciones vegetarianas y adaptadas a tus gustos.<\/a><\/p>\n\n\n\n<p><strong>\u00bfCu\u00e1ndo hay que reservar?<\/strong><br>Recomendamos reservar con al menos 2-3 d\u00edas de antelaci\u00f3n.<\/p>\n<\/div>\n<\/div>\n\n\n\n<div class=\"wp-block-columns is-layout-flex wp-container-core-columns-is-layout-28f84493 wp-block-columns-is-layout-flex\">\n<div class=\"wp-block-column is-layout-flow wp-block-column-is-layout-flow\">\n<h2 class=\"wp-block-heading alignfull has-text-align-center\">Reserva tu chef privado en Guadalajara<\/h2>\n\n\n\n<p class=\"has-text-align-center has-ast-global-color-3-color has-text-color has-link-color wp-elements-178803c8e2b7327be712aaa501f26b4a\"><a href=\"https:\/\/afzal-kitchen.es\/en\/\" title=\"Disfruta de una cena privada en casa con comida india y servicio profesional\">Disfruta de una cena privada en casa con comida india y servicio profesional<\/a>. Escr\u00edbenos ahora y recibe tu presupuesto r\u00e1pido.<\/p>\n\n\n<div data-spectra-id=\"spectra-mon0stre-nour7n\" class=\"wp-block-button spectra-buttons wp-block-spectra-buttons\">\n\t\n<a data-spectra-id=\"spectra-mon0su4z-b92hbt\" href=\"https:\/\/wa.me\/34631765559?text=Hola,%20quiero%20presupuesto%20para%20chef%20privado%20en%20Guadalajara%20para%20una%20cena%20en%20casa\" target=\"_self\" aria-label=\"\ud83d\udc49 Pedir presupuesto por WhatsApp\" style=\"--spectra-background-color: vivid-green-cyan\" class=\"wp-block-button__link wp-element-button spectra-background-color wp-block-spectra-button has-background has-vivid-green-cyan-background-color\">\n<div class=\"spectra-button__link\">\ud83d\udc49 Pedir presupuesto por WhatsApp<\/div><\/a>\n\n<\/div>\n<\/div>\n<\/div>","protected":false},"excerpt":{"rendered":"<p>Chef privado en Guadalajara para cenas en casa (desde 25\u20ac) \u00bfQuieres disfrutar de una cena privada de comida india en casa sin preocuparte por cocinar? Ofrezco servicio de chef privado en Guadalajara con men\u00fa personalizado y experiencia completa. C\u00f3mo funciona el servicio de chef privado en Guadalajara Servicio de chef privado en Guadalajara: qu\u00e9 incluye [&hellip;]<\/p>\n","protected":false},"author":1,"featured_media":0,"parent":0,"menu_order":0,"comment_status":"closed","ping_status":"closed","template":"","meta":{"_uag_custom_page_level_css":"","site-sidebar-layout":"default","site-content-layout":"","ast-site-content-layout":"default","site-content-style":"default","site-sidebar-style":"default","ast-global-header-display":"","ast-banner-title-visibility":"","ast-main-header-display":"","ast-hfb-above-header-display":"","ast-hfb-below-header-display":"","ast-hfb-mobile-header-display":"","site-post-title":"disabled","ast-breadcrumbs-content":"","ast-featured-img":"","footer-sml-layout":"","ast-disable-related-posts":"","theme-transparent-header-meta":"","adv-header-id-meta":"","stick-header-meta":"","header-above-stick-meta":"","header-main-stick-meta":"","header-below-stick-meta":"","astra-migrate-meta-layouts":"set","ast-page-background-enabled":"default","ast-page-background-meta":{"desktop":{"background-color":"","background-image":"","background-repeat":"repeat","background-position":"center center","background-size":"auto","background-attachment":"scroll","background-type":"","background-media":"","overlay-type":"","overlay-color":"","overlay-opacity":"","overlay-gradient":""},"tablet":{"background-color":"","background-image":"","background-repeat":"repeat","background-position":"center center","background-size":"auto","background-attachment":"scroll","background-type":"","background-media":"","overlay-type":"","overlay-color":"","overlay-opacity":"","overlay-gradient":""},"mobile":{"background-color":"","background-image":"","background-repeat":"repeat","background-position":"center center","background-size":"auto","background-attachment":"scroll","background-type":"","background-media":"","overlay-type":"","overlay-color":"","overlay-opacity":"","overlay-gradient":""}},"ast-content-background-meta":{"desktop":{"background-color":"var(--ast-global-color-5)","background-image":"","background-repeat":"repeat","background-position":"center center","background-size":"auto","background-attachment":"scroll","background-type":"","background-media":"","overlay-type":"","overlay-color":"","overlay-opacity":"","overlay-gradient":""},"tablet":{"background-color":"var(--ast-global-color-5)","background-image":"","background-repeat":"repeat","background-position":"center center","background-size":"auto","background-attachment":"scroll","background-type":"","background-media":"","overlay-type":"","overlay-color":"","overlay-opacity":"","overlay-gradient":""},"mobile":{"background-color":"var(--ast-global-color-5)","background-image":"","background-repeat":"repeat","background-position":"center center","background-size":"auto","background-attachment":"scroll","background-type":"","background-media":"","overlay-type":"","overlay-color":"","overlay-opacity":"","overlay-gradient":""}},"footnotes":""},"class_list":["post-5672","page","type-page","status-publish","hentry"],"aioseo_notices":[],"uagb_featured_image_src":{"full":false,"thumbnail":false,"medium":false,"medium_large":false,"large":false,"1536x1536":false,"2048x2048":false,"trp-custom-language-flag":false},"uagb_author_info":{"display_name":"chef.afzal.kitchen@gmail.com","author_link":"https:\/\/afzal-kitchen.es\/en\/author\/chef-afzal-kitchengmail-com\/"},"uagb_comment_info":0,"uagb_excerpt":"Chef privado en Guadalajara para cenas en casa (desde 25\u20ac) \u00bfQuieres disfrutar de una cena privada de comida india en casa sin preocuparte por cocinar? Ofrezco servicio de chef privado en Guadalajara con men\u00fa personalizado y experiencia completa. C\u00f3mo funciona el servicio de chef privado en Guadalajara Servicio de chef privado en Guadalajara: qu\u00e9 incluye&hellip;","_links":{"self":[{"href":"https:\/\/afzal-kitchen.es\/en\/wp-json\/wp\/v2\/pages\/5672","targetHints":{"allow":["GET"]}}],"collection":[{"href":"https:\/\/afzal-kitchen.es\/en\/wp-json\/wp\/v2\/pages"}],"about":[{"href":"https:\/\/afzal-kitchen.es\/en\/wp-json\/wp\/v2\/types\/page"}],"author":[{"embeddable":true,"href":"https:\/\/afzal-kitchen.es\/en\/wp-json\/wp\/v2\/users\/1"}],"replies":[{"embeddable":true,"href":"https:\/\/afzal-kitchen.es\/en\/wp-json\/wp\/v2\/comments?post=5672"}],"version-history":[{"count":8,"href":"https:\/\/afzal-kitchen.es\/en\/wp-json\/wp\/v2\/pages\/5672\/revisions"}],"predecessor-version":[{"id":5689,"href":"https:\/\/afzal-kitchen.es\/en\/wp-json\/wp\/v2\/pages\/5672\/revisions\/5689"}],"wp:attachment":[{"href":"https:\/\/afzal-kitchen.es\/en\/wp-json\/wp\/v2\/media?parent=5672"}],"curies":[{"name":"wp","href":"https:\/\/api.w.org\/{rel}","templated":true}]}}