{"id":376,"date":"2026-03-16T14:26:07","date_gmt":"2026-03-16T14:26:07","guid":{"rendered":"https:\/\/afzal-kitchen.es\/contact\/"},"modified":"2026-05-03T18:46:38","modified_gmt":"2026-05-03T17:46:38","slug":"contacto","status":"publish","type":"page","link":"https:\/\/afzal-kitchen.es\/en\/contacto\/","title":{"rendered":"Contacto"},"content":{"rendered":"<main data-spectra-id=\"spectra-mnj3wzeg-580f7l\"\tstyle=\"overflow: visible; --spectra-background-color: var(--ast-global-color-0);\" class=\"spectra-is-root-container alignfull spectra-overlay-color spectra-overflow spectra-background-color wp-block-spectra-container\" data-orientation=\"vertical\"\t>\n\t\n\n<h1 class=\"wp-block-heading has-text-align-center\">Contacto para catering y chef privado en Madrid<\/h1>\n\n\n\n<p class=\"has-text-align-center has-medium-font-size\">Contacta con Afzal Kitchen para reservar catering en casa, catering para cumplea\u00f1os o chef privado en Madrid. Te respondemos r\u00e1pido por WhatsApp con una propuesta personalizada y sin compromiso.<\/p>\n\n\n\n<p class=\"has-text-align-center has-medium-font-size\">Respuesta r\u00e1pida \u00b7 Men\u00fa personalizado \u00b7 Servicio en casa<\/p>\n\n\n<div data-spectra-id=\"spectra-mnj5aed3-pbthxo\" class=\"wp-block-button spectra-buttons wp-block-spectra-buttons\">\n\t\n<a data-spectra-id=\"spectra-mnj5aew3-7f1r3b\" href=\"https:\/\/wa.me\/34631765559?text=Hola,%20quiero%20informaci\u00f3n%20sobre%20catering%20o%20chef%20privado%20en%20Madrid\" target=\"_self\" aria-label=\"Hablar por WhatsApp ahora\" style=\"--spectra-background-color: vivid-green-cyan\" class=\"wp-block-button__link wp-element-button spectra-background-color wp-block-spectra-button has-background has-vivid-green-cyan-background-color\">\n<div class=\"spectra-button__link\">Hablar por WhatsApp ahora<\/div><\/a>\n\n<\/div>\n\n\n<div data-spectra-id=\"spectra-mnj5g02f-tg0cee\" class=\"wp-block-button spectra-buttons wp-block-spectra-buttons\">\n\t\n<a data-spectra-id=\"spectra-mnj5g0pl-e4gcyo\" href=\"https:\/\/afzal-kitchen.es\/en\/menu\/\" target=\"_self\" aria-label=\"Ver men\u00fa\" style=\"--spectra-text-color: vivid-green-cyan;--spectra-background-color: ast-global-color-5\" class=\"wp-block-button__link wp-element-button spectra-text-color spectra-background-color wp-elements-7efead37b955d58f3a01242c0359ea48 wp-block-spectra-button has-text-color has-vivid-green-cyan-color has-background has-ast-global-color-5-background-color\">\n<div class=\"spectra-button__link\">Ver men\u00fa<\/div><\/a>\n\n<\/div>\n\n\n\n<figure data-spectra-id=\"spectra-mnj5gkha-mmw7f1\" class=\"wp-block-image size-full\"><img fetchpriority=\"high\" decoding=\"async\" width=\"800\" height=\"533\" src=\"https:\/\/afzal-kitchen.es\/wp-content\/uploads\/2026\/03\/entrantes-cocina-india-madrid.webp-1.webp\" alt=\"entrantes de cocina india para catering en casa en Madrid\" class=\"wp-image-4639\" srcset=\"https:\/\/afzal-kitchen.es\/wp-content\/uploads\/2026\/03\/entrantes-cocina-india-madrid.webp-1.webp 800w, https:\/\/afzal-kitchen.es\/wp-content\/uploads\/2026\/03\/entrantes-cocina-india-madrid.webp-1-300x200.webp 300w, https:\/\/afzal-kitchen.es\/wp-content\/uploads\/2026\/03\/entrantes-cocina-india-madrid.webp-1-768x512.webp 768w\" sizes=\"(max-width: 800px) 100vw, 800px\" \/><\/figure>\n\n<\/main>\n\n\n\n<div class=\"wp-block-columns has-ast-global-color-0-background-color has-background is-layout-flex wp-container-core-columns-is-layout-28f84493 wp-block-columns-is-layout-flex\">\n<div class=\"wp-block-column is-layout-flow wp-block-column-is-layout-flow\">\n<div class=\"wp-block-columns has-ast-global-color-0-background-color has-background is-layout-flex wp-container-core-columns-is-layout-28f84493 wp-block-columns-is-layout-flex\">\n<div class=\"wp-block-column is-layout-flow wp-block-column-is-layout-flow\">\n<h2 class=\"wp-block-heading alignfull has-text-align-center has-ast-global-color-5-background-color has-background\">C\u00f3mo reservar catering o chef privado en Madrid<\/h2>\n\n\n\n<p class=\"has-text-align-center\"><strong>Escr\u00edbenos por WhatsApp<\/strong><br>Cu\u00e9ntanos la fecha, n\u00famero de personas y tipo de evento en casa en Madrid.<\/p>\n\n\n\n<p class=\"has-text-align-center\"><strong>Recibe tu men\u00fa personalizado<\/strong><br>Te enviamos una propuesta con cocina india aut\u00e9ntica adaptada a tu evento.<\/p>\n\n\n\n<p class=\"has-text-align-center\"><strong>Disfruta sin preocuparte<\/strong><br>Nos encargamos de todo para que disfrutes de tu catering o cena privada en casa.<\/p>\n\n\n\n<p class=\"has-text-align-center has-ast-global-color-3-color has-text-color has-link-color wp-elements-2412f2bd42eb0abd7859260bcc3285c0\">Si quieres ver opciones completas, <a href=\"https:\/\/afzal-kitchen.es\/en\/menu\/\" title=\"Men\u00fa\">puedes visitar nuestro men\u00fa de cocina india en Madrid<\/a> antes de reservar.<\/p>\n\n\n<div data-spectra-id=\"spectra-mopy1ha5-ficvvm\" class=\"wp-block-button spectra-buttons wp-block-spectra-buttons\">\n\t\n<a data-spectra-id=\"spectra-mopy1hq6-ae69q5\" href=\"https:\/\/wa.me\/34631765559?text=Hola,%20quiero%20informaci\u00f3n%20sobre%20catering%20o%20chef%20privado%20en%20Madrid\" target=\"_self\" aria-label=\"Hablar por WhatsApp ahora\" style=\"--spectra-background-color: vivid-green-cyan\" class=\"wp-block-button__link wp-element-button spectra-background-color wp-block-spectra-button has-background has-vivid-green-cyan-background-color\">\n<div class=\"spectra-button__link\">Hablar por WhatsApp ahora<\/div><\/a>\n\n<\/div>\n<\/div>\n<\/div>\n\n\n\n<div class=\"wp-block-columns is-layout-flex wp-container-core-columns-is-layout-28f84493 wp-block-columns-is-layout-flex\">\n<div class=\"wp-block-column is-layout-flow wp-block-column-is-layout-flow\">\n<div class=\"wp-block-columns is-layout-flex wp-container-core-columns-is-layout-28f84493 wp-block-columns-is-layout-flex\">\n<div class=\"wp-block-column has-background is-layout-flow wp-block-column-is-layout-flow\" style=\"border-top-left-radius:31px;border-top-right-radius:31px;border-bottom-left-radius:31px;border-bottom-right-radius:31px;background-color:#f5f5f5\">\n<h2 class=\"wp-block-heading alignfull has-text-align-center\">Chef privado y catering en casa en Madrid para eventos<\/h2>\n\n\n\n<figure data-spectra-id=\"spectra-mngn0977-3fm379\" class=\"wp-block-image alignfull size-full\"><img decoding=\"async\" width=\"930\" height=\"523\" src=\"https:\/\/afzal-kitchen.es\/wp-content\/uploads\/2026\/04\/platos-principales-cocina-india-madrid.webp\" alt=\"Platos de catering para eventos y cenas en casa en Madrid\" class=\"wp-image-4723\" srcset=\"https:\/\/afzal-kitchen.es\/wp-content\/uploads\/2026\/04\/platos-principales-cocina-india-madrid.webp 930w, https:\/\/afzal-kitchen.es\/wp-content\/uploads\/2026\/04\/platos-principales-cocina-india-madrid-300x169.webp 300w, https:\/\/afzal-kitchen.es\/wp-content\/uploads\/2026\/04\/platos-principales-cocina-india-madrid-768x432.webp 768w\" sizes=\"(max-width: 930px) 100vw, 930px\" \/><\/figure>\n\n\n\n<p class=\"has-text-align-center has-medium-font-size\"><strong>Ofrecemos servicio de chef privado y catering en casa en Madrid con cocina india aut\u00e9ntica, ideal para celebraciones privadas y eventos personalizados.<\/strong><\/p>\n\n\n\n<ul class=\"wp-block-list\">\n<li>Cumplea\u00f1os en casa con catering personalizado<\/li>\n\n\n\n<li>Cenas privadas y experiencias gastron\u00f3micas<\/li>\n\n\n\n<li>Reuniones familiares y comidas con amigos<\/li>\n\n\n\n<li>Eventos privados y celebraciones especiales en casa<\/li>\n<\/ul>\n\n\n\n<p class=\"has-text-align-center has-ast-global-color-3-color has-ast-global-color-0-background-color has-text-color has-background has-link-color wp-elements-44020a7b9dc37aab695a24b8c3af810f\">Si buscas un servicio m\u00e1s completo, <a href=\"https:\/\/afzal-kitchen.es\/en\/catering-en-casa-madrid\/\" title=\"puedes ver tambi\u00e9n nuestro catering en casa en Madrid para eventos m\u00e1s grandes.\">puedes ver tambi\u00e9n nuestro catering en casa en Madrid para eventos m\u00e1s grandes.<\/a><\/p>\n\n\n<div data-spectra-id=\"spectra-mnow7juj-ywqrhp\" class=\"wp-block-button spectra-buttons wp-block-spectra-buttons\">\n\t\n<a data-spectra-id=\"spectra-mnow7k7n-wf2iej\" href=\"https:\/\/afzal-kitchen.es\/en\/menu\/\" target=\"_self\" aria-label=\"VER MENU\" style=\"--spectra-text-color: ast-global-color-1\" class=\"wp-block-button__link wp-element-button spectra-text-color wp-elements-74f45393a39f690f0853981ecfc14542 wp-block-spectra-button has-text-color has-ast-global-color-1-color\">\n<div class=\"spectra-button__link\">VER MENU <\/div><\/a>\n\n<\/div>\n\n\n<div data-spectra-id=\"spectra-mnm1xx1w-70bpp6\" class=\"wp-block-button spectra-buttons wp-block-spectra-buttons\">\n\t\n<a data-spectra-id=\"spectra-mnm1xxm9-s3u9jy\" href=\"https:\/\/wa.me\/34631765559?text=Hola,%20quiero%20informaci\u00f3n%20sobre%20catering%20o%20chef%20privado%20en%20Madrid\" target=\"_self\" aria-label=\"Hablar por WhatsApp ahora\" style=\"--spectra-background-color: vivid-green-cyan\" class=\"wp-block-button__link wp-element-button spectra-background-color wp-block-spectra-button has-background has-vivid-green-cyan-background-color\">\n<div class=\"spectra-button__link\"><strong>Hablar por WhatsApp ahora<\/strong><\/div><\/a>\n\n<\/div>\n<\/div>\n<\/div>\n<\/div>\n<\/div>\n<\/div>\n<\/div>\n\n\n\n<h2 class=\"wp-block-heading alignfull has-text-align-center has-background\" style=\"background-color:#f5f5f5\"><strong>Qu\u00e9 incluye nuestro catering y chef privado en Madrid<\/strong><\/h2>\n\n\n\n<figure data-spectra-id=\"spectra-mnn3az6l-8wox28\" class=\"wp-block-image alignfull size-full\"><img decoding=\"async\" width=\"1000\" height=\"667\" src=\"https:\/\/afzal-kitchen.es\/wp-content\/uploads\/2026\/04\/chef-privado-madrid-comida-india-menu-elegante.webp\" alt=\"Chef privado en Madrid con comida india elegante y men\u00fa personalizado en casa\" class=\"wp-image-5125\" srcset=\"https:\/\/afzal-kitchen.es\/wp-content\/uploads\/2026\/04\/chef-privado-madrid-comida-india-menu-elegante.webp 1000w, https:\/\/afzal-kitchen.es\/wp-content\/uploads\/2026\/04\/chef-privado-madrid-comida-india-menu-elegante-300x200.webp 300w, https:\/\/afzal-kitchen.es\/wp-content\/uploads\/2026\/04\/chef-privado-madrid-comida-india-menu-elegante-768x512.webp 768w\" sizes=\"(max-width: 1000px) 100vw, 1000px\" \/><\/figure>\n\n\n\n<p class=\"has-text-align-center has-ast-global-color-5-background-color has-background\">Nuestro servicio de catering y chef privado en Madrid est\u00e1 pensado para ofrecer una experiencia completa en casa, con comida reci\u00e9n preparada y men\u00fas personalizados.<\/p>\n\n\n\n<ul class=\"wp-block-list has-ast-global-color-5-background-color has-background\">\n<li>Cocina india aut\u00e9ntica preparada en tu domicilio <\/li>\n\n\n\n<li>Men\u00fa personalizado seg\u00fan tu evento y n\u00famero de invitados <\/li>\n\n\n\n<li>Opciones vegetarianas y no vegetarianas <\/li>\n\n\n\n<li>Servicio de chef privado para cocinar y servir en casa <\/li>\n\n\n\n<li>Ideal para cumplea\u00f1os, cenas privadas y eventos familiares<\/li>\n<\/ul>\n\n\n\n<p class=\"has-text-align-center has-ast-global-color-3-color has-ast-global-color-5-background-color has-text-color has-background has-link-color wp-elements-e3535538305772fbdf80e7e5b0cae618\">Si quieres ver ejemplos de platos, <a href=\"https:\/\/afzal-kitchen.es\/en\/menu\/\" title=\"Men\u00fa\">puedes visitar nuestro men\u00fa de cocina india en Madrid antes de reservar.<\/a><\/p>\n\n\n<div data-spectra-id=\"spectra-mopz7x4f-gfbh4f\" class=\"wp-block-button spectra-buttons wp-block-spectra-buttons\">\n\t\n<a data-spectra-id=\"spectra-mopz7xlp-lj6pqk\" href=\"https:\/\/wa.me\/34631765559?text=Hola,%20quiero%20informaci\u00f3n%20sobre%20catering%20o%20chef%20privado%20en%20Madrid\" target=\"_self\" aria-label=\"Hablar por WhatsApp ahora\" style=\"--spectra-background-color: vivid-green-cyan\" class=\"wp-block-button__link wp-element-button spectra-background-color wp-block-spectra-button has-background has-vivid-green-cyan-background-color\">\n<div class=\"spectra-button__link\">Hablar por WhatsApp ahora<\/div><\/a>\n\n<\/div>\n\n\n\n<div class=\"wp-block-columns is-layout-flex wp-container-core-columns-is-layout-28f84493 wp-block-columns-is-layout-flex\">\n<div class=\"wp-block-column has-ast-global-color-5-background-color has-background is-layout-flow wp-block-column-is-layout-flow\">\n<h2 class=\"wp-block-heading alignfull has-text-align-center\"><strong>Pide tu presupuesto de catering o chef privado en Madrid<\/strong><\/h2>\n\n\n\n<p class=\"has-text-align-center\">Organizamos tu catering o servicio de chef privado en Madrid con men\u00fa personalizado, comida reci\u00e9n preparada y atenci\u00f3n r\u00e1pida por WhatsApp.<\/p>\n\n\n\n<p class=\"has-text-align-center\">Cu\u00e9ntanos tu evento y te enviamos una propuesta adaptada en pocos minutos.<\/p>\n\n\n\n<p class=\"has-text-align-center\">Sin compromiso \u00b7 Respuesta r\u00e1pida \u00b7 Men\u00fa personalizado<\/p>\n\n\n<div data-spectra-id=\"spectra-mopztk9i-0nlnyz\" class=\"wp-block-button spectra-buttons wp-block-spectra-buttons\">\n\t\n<a data-spectra-id=\"spectra-mopztkpw-0epchq\" href=\"https:\/\/wa.me\/34631765559?text=Hola,%20quiero%20informaci\u00f3n%20sobre%20catering%20o%20chef%20privado%20en%20Madrid\" target=\"_self\" aria-label=\"Hablar por WhatsApp ahora\" style=\"--spectra-background-color: vivid-green-cyan\" class=\"wp-block-button__link wp-element-button spectra-background-color wp-block-spectra-button has-background has-vivid-green-cyan-background-color\">\n<div class=\"spectra-button__link\">Hablar por WhatsApp ahora<\/div><\/a>\n\n<\/div>\n<\/div>\n<\/div>\n\n\n\n<div class=\"wp-block-columns are-vertically-aligned-center has-background is-layout-flex wp-container-core-columns-is-layout-28f84493 wp-block-columns-is-layout-flex\" style=\"background-color:#f5f5f5\">\n<div class=\"wp-block-column is-vertically-aligned-center has-ast-global-color-0-background-color has-background is-layout-flow wp-block-column-is-layout-flow\">\n<h2 class=\"wp-block-heading alignfull has-text-align-center\">Preguntas frecuentes sobre catering y chef privado en Madrid<\/h2>\n\n\n\n<p><strong>\u00bfOfrec\u00e9is catering para cumplea\u00f1os y eventos en casa?<\/strong><br>S\u00ed, ofrecemos catering y chef privado en Madrid para cumplea\u00f1os, cenas privadas y eventos en casa.<\/p>\n\n\n\n<p><strong>\u00bfSe puede personalizar el men\u00fa?<\/strong><br>S\u00ed, adaptamos el men\u00fa con cocina india aut\u00e9ntica seg\u00fan tu evento y preferencias.<\/p>\n\n\n\n<p><strong>\u00bfTen\u00e9is opciones vegetarianas?<\/strong><br>S\u00ed, contamos con opciones vegetarianas y no vegetarianas para todos los invitados.<\/p>\n\n\n\n<p><strong>\u00bfC\u00f3mo pedir presupuesto?<\/strong><br>Puedes escribirnos por WhatsApp con la fecha, n\u00famero de personas y tipo de evento.<\/p>\n\n\n\n<p><strong>\u00bfCon cu\u00e1nta antelaci\u00f3n debo reservar?<\/strong><br>Recomendamos reservar con antelaci\u00f3n, especialmente fines de semana.<\/p>\n\n\n\n<p class=\"has-text-align-center\">Pide tu presupuesto de catering o chef privado en Madrid por WhatsApp y te respondemos en pocos minutos.<\/p>\n\n\n<div data-spectra-id=\"spectra-mnowzcfm-eniw6y\" class=\"wp-block-button spectra-buttons wp-block-spectra-buttons\">\n\t\n<a data-spectra-id=\"spectra-mnowzcw6-evkg0y\" href=\"https:\/\/afzal-kitchen.es\/en\/menu\/\" target=\"_self\" aria-label=\"VER MEN\u00da\" style=\"--spectra-text-color: ast-global-color-1\" class=\"wp-block-button__link wp-element-button spectra-text-color wp-elements-3f8bbb77fd7b3478930fcc49d5ffba38 wp-block-spectra-button has-text-color has-ast-global-color-1-color\">\n<div class=\"spectra-button__link\">VER MEN\u00da <\/div><\/a>\n\n<\/div>\n\n\n<div data-spectra-id=\"spectra-mnbvja2o-pl9vn8\" class=\"wp-block-button spectra-buttons wp-block-spectra-buttons\">\n\t\n<a data-spectra-id=\"spectra-mnbvjai7-fbmszo\" href=\"https:\/\/wa.me\/34631765559?text=Hola,%20quiero%20informaci\u00f3n%20sobre%20catering%20o%20chef%20privado%20en%20Madrid\" target=\"_self\" aria-label=\"Hablar por WhatsApp ahora\" style=\"--spectra-background-color: vivid-green-cyan\" class=\"wp-block-button__link wp-element-button spectra-background-color wp-block-spectra-button has-background has-vivid-green-cyan-background-color\">\n<div class=\"spectra-button__link\">Hablar por WhatsApp ahora<\/div><\/a>\n\n<\/div>\n<\/div>\n<\/div>\n\n\n\n<div class=\"wp-block-columns is-layout-flex wp-container-core-columns-is-layout-28f84493 wp-block-columns-is-layout-flex\">\n<div class=\"wp-block-column has-ast-global-color-5-background-color has-background is-layout-flow wp-block-column-is-layout-flow\">\n<h2 class=\"wp-block-heading alignfull has-text-align-center\">Reserva tu catering o chef privado en Madrid<\/h2>\n\n\n\n<p class=\"has-text-align-center\">Organiza tu evento en casa con catering o chef privado en Madrid. Men\u00fa personalizado, cocina india aut\u00e9ntica y atenci\u00f3n r\u00e1pida por WhatsApp.<\/p>\n\n\n<div data-spectra-id=\"spectra-moq145b7-znjsan\" class=\"wp-block-button spectra-buttons wp-block-spectra-buttons\">\n\t\n<a data-spectra-id=\"spectra-moq145tm-g8dsjb\" href=\"https:\/\/wa.me\/34631765559?text=Hola,%20quiero%20informaci\u00f3n%20sobre%20catering%20o%20chef%20privado%20en%20Madrid\" target=\"_self\" aria-label=\"Hablar por WhatsApp ahora\" style=\"--spectra-background-color: vivid-green-cyan\" class=\"wp-block-button__link wp-element-button spectra-background-color wp-block-spectra-button has-background has-vivid-green-cyan-background-color\">\n<div class=\"spectra-button__link\">Hablar por WhatsApp ahora<\/div><\/a>\n\n<\/div>\n\n\n<div data-spectra-id=\"spectra-moq10scz-klo10w\" class=\"wp-block-button spectra-buttons wp-block-spectra-buttons\">\n\t\n<a data-spectra-id=\"spectra-moq10sth-wa2ru2\" href=\"https:\/\/afzal-kitchen.es\/en\/menu\/\" target=\"_self\" aria-label=\"Ver men\u00fa\" style=\"--spectra-background-color: vivid-green-cyan\" class=\"wp-block-button__link wp-element-button spectra-background-color wp-block-spectra-button has-background has-vivid-green-cyan-background-color\">\n<div class=\"spectra-button__link\">Ver men\u00fa<\/div><\/a>\n\n<\/div>\n<\/div>\n<\/div>","protected":false},"excerpt":{"rendered":"<p>C\u00f3mo reservar catering o chef privado en Madrid Escr\u00edbenos por WhatsAppCu\u00e9ntanos la fecha, n\u00famero de personas y tipo de evento en casa en Madrid. Recibe tu men\u00fa personalizadoTe enviamos una propuesta con cocina india aut\u00e9ntica adaptada a tu evento. Disfruta sin preocuparteNos encargamos de todo para que disfrutes de tu catering o cena privada en [&hellip;]<\/p>\n","protected":false},"author":1,"featured_media":0,"parent":0,"menu_order":0,"comment_status":"closed","ping_status":"closed","template":"","meta":{"_uag_custom_page_level_css":"","site-sidebar-layout":"no-sidebar","site-content-layout":"plain-container","ast-site-content-layout":"normal-width-container","site-content-style":"unboxed","site-sidebar-style":"unboxed","ast-global-header-display":"","ast-banner-title-visibility":"","ast-main-header-display":"","ast-hfb-above-header-display":"","ast-hfb-below-header-display":"","ast-hfb-mobile-header-display":"","site-post-title":"disabled","ast-breadcrumbs-content":"","ast-featured-img":"disabled","footer-sml-layout":"","ast-disable-related-posts":"","theme-transparent-header-meta":"enabled","adv-header-id-meta":"","stick-header-meta":"","header-above-stick-meta":"","header-main-stick-meta":"","header-below-stick-meta":"","astra-migrate-meta-layouts":"set","ast-page-background-enabled":"default","ast-page-background-meta":{"desktop":{"background-color":"","background-image":"","background-repeat":"repeat","background-position":"center center","background-size":"auto","background-attachment":"scroll","background-type":"","background-media":"","overlay-type":"","overlay-color":"","overlay-opacity":"","overlay-gradient":""},"tablet":{"background-color":"","background-image":"","background-repeat":"repeat","background-position":"center center","background-size":"auto","background-attachment":"scroll","background-type":"","background-media":"","overlay-type":"","overlay-color":"","overlay-opacity":"","overlay-gradient":""},"mobile":{"background-color":"","background-image":"","background-repeat":"repeat","background-position":"center center","background-size":"auto","background-attachment":"scroll","background-type":"","background-media":"","overlay-type":"","overlay-color":"","overlay-opacity":"","overlay-gradient":""}},"ast-content-background-meta":{"desktop":{"background-color":"var(--ast-global-color-5)","background-image":"","background-repeat":"repeat","background-position":"center center","background-size":"auto","background-attachment":"scroll","background-type":"","background-media":"","overlay-type":"","overlay-color":"","overlay-opacity":"","overlay-gradient":""},"tablet":{"background-color":"var(--ast-global-color-5)","background-image":"","background-repeat":"repeat","background-position":"center center","background-size":"auto","background-attachment":"scroll","background-type":"","background-media":"","overlay-type":"","overlay-color":"","overlay-opacity":"","overlay-gradient":""},"mobile":{"background-color":"var(--ast-global-color-5)","background-image":"","background-repeat":"repeat","background-position":"center center","background-size":"auto","background-attachment":"scroll","background-type":"","background-media":"","overlay-type":"","overlay-color":"","overlay-opacity":"","overlay-gradient":""}},"footnotes":""},"class_list":["post-376","page","type-page","status-publish","hentry"],"aioseo_notices":[],"uagb_featured_image_src":{"full":false,"thumbnail":false,"medium":false,"medium_large":false,"large":false,"1536x1536":false,"2048x2048":false,"trp-custom-language-flag":false},"uagb_author_info":{"display_name":"chef.afzal.kitchen@gmail.com","author_link":"https:\/\/afzal-kitchen.es\/en\/author\/chef-afzal-kitchengmail-com\/"},"uagb_comment_info":0,"uagb_excerpt":"C\u00f3mo reservar catering o chef privado en Madrid Escr\u00edbenos por WhatsAppCu\u00e9ntanos la fecha, n\u00famero de personas y tipo de evento en casa en Madrid. Recibe tu men\u00fa personalizadoTe enviamos una propuesta con cocina india aut\u00e9ntica adaptada a tu evento. Disfruta sin preocuparteNos encargamos de todo para que disfrutes de tu catering o cena privada en&hellip;","_links":{"self":[{"href":"https:\/\/afzal-kitchen.es\/en\/wp-json\/wp\/v2\/pages\/376","targetHints":{"allow":["GET"]}}],"collection":[{"href":"https:\/\/afzal-kitchen.es\/en\/wp-json\/wp\/v2\/pages"}],"about":[{"href":"https:\/\/afzal-kitchen.es\/en\/wp-json\/wp\/v2\/types\/page"}],"author":[{"embeddable":true,"href":"https:\/\/afzal-kitchen.es\/en\/wp-json\/wp\/v2\/users\/1"}],"replies":[{"embeddable":true,"href":"https:\/\/afzal-kitchen.es\/en\/wp-json\/wp\/v2\/comments?post=376"}],"version-history":[{"count":123,"href":"https:\/\/afzal-kitchen.es\/en\/wp-json\/wp\/v2\/pages\/376\/revisions"}],"predecessor-version":[{"id":5859,"href":"https:\/\/afzal-kitchen.es\/en\/wp-json\/wp\/v2\/pages\/376\/revisions\/5859"}],"wp:attachment":[{"href":"https:\/\/afzal-kitchen.es\/en\/wp-json\/wp\/v2\/media?parent=376"}],"curies":[{"name":"wp","href":"https:\/\/api.w.org\/{rel}","templated":true}]}}