{"id":374,"date":"2026-03-26T14:26:07","date_gmt":"2026-03-26T13:26:07","guid":{"rendered":"https:\/\/afzal-kitchen.es\/testimonial\/"},"modified":"2026-05-02T14:16:56","modified_gmt":"2026-05-02T13:16:56","slug":"catering-en-casa-madrid","status":"publish","type":"page","link":"https:\/\/afzal-kitchen.es\/en\/catering-en-casa-madrid\/","title":{"rendered":"Catering en Casa Madrid"},"content":{"rendered":"<div data-spectra-id=\"spectra-mnaem78n-k7a2h4\"\tstyle=\"overflow: visible; --spectra-background-color: #f5f5f5;\" class=\"spectra-is-root-container alignfull spectra-overlay-color spectra-overflow spectra-background-color wp-block-spectra-container\" data-orientation=\"vertical\"\t>\n\t\n<div data-spectra-id=\"spectra-mnaemws3-b5ds21\" style=\"overflow: visible\" class=\"spectra-overlay-color spectra-overflow wp-block-spectra-container\" data-orientation=\"vertical\">\n\t\n\n<h1 class=\"wp-block-heading has-text-align-center\">Catering en casa Madrid (Servicio a domicilio para eventos)<\/h1>\n\n\n\n<p class=\"has-text-align-center has-medium-font-size\">Catering a domicilio en Madrid con cocina india y chef privado. Ideal para cumplea\u00f1os, cenas rom\u00e1nticas y eventos en casa.<\/p>\n\n\n<div data-spectra-id=\"spectra-mnak0krn-5o70g9\" class=\"wp-block-button spectra-buttons wp-block-spectra-buttons\">\n\t\n<a data-spectra-id=\"spectra-mnak0l3s-1wxvy2\" href=\"https:\/\/wa.me\/34631765559?text=Hola,%20quiero%20presupuesto%20para%20catering%20en%20casa%20en%20Madrid\" target=\"_self\" aria-label=\"Pedir presupuesto por WhatsApp\" style=\"--spectra-background-color: vivid-green-cyan\" class=\"wp-block-button__link wp-element-button spectra-background-color wp-block-spectra-button has-background has-vivid-green-cyan-background-color\">\n<div class=\"spectra-button__link\">Pedir presupuesto por WhatsApp<\/div><\/a>\n\n<\/div>\n\n\n<div data-spectra-id=\"spectra-mnov88ch-vw5qeu\" class=\"wp-block-button spectra-buttons wp-block-spectra-buttons\">\n\t\n<a data-spectra-id=\"spectra-mnov88ro-xwb367\" href=\"https:\/\/afzal-kitchen.es\/en\/menu\/\" target=\"_self\" aria-label=\"Ver men\u00fa\" style=\"--spectra-text-color: ast-global-color-1\" class=\"wp-block-button__link wp-element-button spectra-text-color wp-elements-18f7cafb4433dabe949624023437678a wp-block-spectra-button has-text-color has-ast-global-color-1-color\">\n<div class=\"spectra-button__link\">Ver men\u00fa<\/div><\/a>\n\n<\/div>\n\n<\/div>\n\n<\/div>\n\n\n\n<figure data-spectra-id=\"spectra-mnal1wke-wqklxf\" class=\"wp-block-image size-large\"><img fetchpriority=\"high\" decoding=\"async\" width=\"1024\" height=\"683\" src=\"https:\/\/afzal-kitchen.es\/wp-content\/uploads\/2026\/03\/catering-en-casa-madrid-chef-privado-1-1024x683.webp\" alt=\"catering en casa Madrid con chef privado sirviendo comida india en evento\" class=\"wp-image-4596\" srcset=\"https:\/\/afzal-kitchen.es\/wp-content\/uploads\/2026\/03\/catering-en-casa-madrid-chef-privado-1-1024x683.webp 1024w, https:\/\/afzal-kitchen.es\/wp-content\/uploads\/2026\/03\/catering-en-casa-madrid-chef-privado-1-300x200.webp 300w, https:\/\/afzal-kitchen.es\/wp-content\/uploads\/2026\/03\/catering-en-casa-madrid-chef-privado-1-768x512.webp 768w, https:\/\/afzal-kitchen.es\/wp-content\/uploads\/2026\/03\/catering-en-casa-madrid-chef-privado-1.webp 1200w\" sizes=\"(max-width: 1024px) 100vw, 1024px\" \/><\/figure>\n\n\n\n<div class=\"wp-block-columns has-background is-layout-flex wp-container-core-columns-is-layout-28f84493 wp-block-columns-is-layout-flex\" style=\"border-top-left-radius:30px;border-top-right-radius:30px;border-bottom-left-radius:30px;border-bottom-right-radius:30px;background-color:#f5f5f5\">\n<div class=\"wp-block-column is-layout-flow wp-block-column-is-layout-flow\">\n<h2 class=\"wp-block-heading alignfull has-text-align-center\">C\u00f3mo funciona el catering en casa Madrid<\/h2>\n\n\n\n<p class=\"has-text-align-center\">Organizar un catering en casa en Madrid es f\u00e1cil y r\u00e1pido. Ofrecemos catering a domicilio en Madrid con men\u00fas personalizados para cumplea\u00f1os, cenas y eventos privados.<\/p>\n\n\n\n<p class=\"has-text-align-center\"><strong>Escr\u00edbenos por WhatsApp para tu catering en casa en Madrid<\/strong><br>Cu\u00e9ntanos la fecha, n\u00famero de personas y tipo de evento<\/p>\n\n\n\n<p class=\"has-text-align-center\"><strong>Recibe tu men\u00fa personalizado<\/strong><br>Te enviamos opciones adaptadas para cumplea\u00f1os, cenas o eventos<\/p>\n\n\n\n<p class=\"has-text-align-center\"><strong>Disfruta en casa con nuestro catering a domicilio en Madrid<\/strong><br>Nos encargamos de la comida, servicio y limpieza<\/p>\n\n\n\n<p class=\"has-text-align-center has-ast-global-color-1-color has-text-color has-link-color wp-elements-8dabad8b6a9064cf1a56a6bf0888dc89\">Ver ejemplos reales de catering en casa en Madrid y men\u00fas para eventos privados<\/p>\n\n\n<div data-spectra-id=\"spectra-mnlua2qo-cbhn8i\" class=\"wp-block-button spectra-buttons wp-block-spectra-buttons\">\n\t\n<a data-spectra-id=\"spectra-mnlua33h-rb0ke0\" href=\"https:\/\/wa.me\/34631765559?text=Hola,%20quiero%20presupuesto%20para%20catering%20en%20casa%20en%20Madrid\" target=\"_self\" aria-label=\"Pedir catering en casa en Madrid por WhatsApp\" style=\"--spectra-background-color: vivid-green-cyan\" class=\"wp-block-button__link wp-element-button spectra-background-color wp-block-spectra-button has-background has-vivid-green-cyan-background-color\">\n<div class=\"spectra-button__link\">Pedir catering en casa en Madrid por WhatsApp<\/div><\/a>\n\n<\/div>\n<\/div>\n<\/div>\n\n\n\n<div class=\"wp-block-columns is-layout-flex wp-container-core-columns-is-layout-28f84493 wp-block-columns-is-layout-flex\">\n<div class=\"wp-block-column has-background is-layout-flow wp-block-column-is-layout-flow\" style=\"border-top-left-radius:30px;border-top-right-radius:30px;border-bottom-left-radius:30px;border-bottom-right-radius:30px;background-color:#f5f5f5\">\n<h2 class=\"wp-block-heading alignfull has-text-align-center\">Qu\u00e9 incluye el catering a domicilio en Madrid<\/h2>\n\n\n\n<figure data-spectra-id=\"spectra-mnn1pl09-rr00ef\" class=\"wp-block-image size-full has-custom-border\"><img decoding=\"async\" width=\"1000\" height=\"667\" src=\"https:\/\/afzal-kitchen.es\/wp-content\/uploads\/2026\/04\/catering-en-casa-madrid-comida-india-buffet.webp\" alt=\"Puedes consultar nuestro men\u00fa de cocina india en Madrid para ver todos los platos disponibles.\" class=\"wp-image-5101\" srcset=\"https:\/\/afzal-kitchen.es\/wp-content\/uploads\/2026\/04\/catering-en-casa-madrid-comida-india-buffet.webp 1000w, https:\/\/afzal-kitchen.es\/wp-content\/uploads\/2026\/04\/catering-en-casa-madrid-comida-india-buffet-300x200.webp 300w, https:\/\/afzal-kitchen.es\/wp-content\/uploads\/2026\/04\/catering-en-casa-madrid-comida-india-buffet-768x512.webp 768w\" sizes=\"(max-width: 1000px) 100vw, 1000px\" \/><\/figure>\n\n\n\n<p class=\"has-text-align-center has-ast-global-color-3-color has-text-color has-link-color has-medium-font-size wp-elements-5e9ba4bdd480a2c3ec46d8bbc2578fe7\">Puedes ver nuestro <a href=\"https:\/\/afzal-kitchen.es\/en\/menu\/\" title=\"men\u00fa de catering en Madrid\">men\u00fa de catering en Madrid<\/a> para conocer todos los platos disponibles y opciones personalizadas.<\/p>\n\n\n\n<p class=\"has-text-align-center has-medium-font-size\">Nuestro catering en casa en Madrid est\u00e1 pensado para cumplea\u00f1os, cenas privadas y eventos en casa con comida reci\u00e9n preparada y servicio completo.<\/p>\n\n\n<div data-spectra-id=\"spectra-mnlul3yd-0s6u9z\" class=\"wp-block-button spectra-buttons wp-block-spectra-buttons\">\n\t\n<a data-spectra-id=\"spectra-mnlul4e7-5kvoeq\" href=\"https:\/\/wa.me\/34631765559?text=Hola,%20quiero%20presupuesto%20para%20catering%20en%20casa%20en%20Madrid\" target=\"_self\" aria-label=\"Pedir catering en casa en Madrid por WhatsApp\" style=\"--spectra-background-color: vivid-green-cyan\" class=\"wp-block-button__link wp-element-button spectra-background-color wp-block-spectra-button has-background has-vivid-green-cyan-background-color\">\n<div class=\"spectra-button__link\">Pedir catering en casa en Madrid por WhatsApp<\/div><\/a>\n\n\n<a data-spectra-id=\"spectra-mnovjydi-dpd6cl\" href=\"https:\/\/afzal-kitchen.es\/en\/menu\/\" target=\"_self\" aria-label=\"ver MEN\u00da\" style=\"--spectra-text-color: ast-global-color-1\" class=\"wp-block-button__link wp-element-button spectra-text-color wp-elements-5ae4b37781f5fce709e586d61f8360b0 wp-block-spectra-button has-text-color has-ast-global-color-1-color\">\n<div class=\"spectra-button__link\">ver MEN\u00da <\/div><\/a>\n\n<\/div>\n<\/div>\n<\/div>\n\n\n\n<div class=\"wp-block-columns is-layout-flex wp-container-core-columns-is-layout-28f84493 wp-block-columns-is-layout-flex\">\n<div class=\"wp-block-column has-background is-layout-flow wp-block-column-is-layout-flow\" style=\"border-top-left-radius:30px;border-top-right-radius:30px;border-bottom-left-radius:30px;border-bottom-right-radius:30px;background-color:#f5f5f5\">\n<h2 class=\"wp-block-heading alignfull has-text-align-center\">Catering en casa en Madrid para eventos y celebraciones<\/h2>\n\n\n\n<figure data-spectra-id=\"spectra-mnn1x4g8-7bry8i\" class=\"wp-block-image size-full has-custom-border\"><img decoding=\"async\" width=\"1000\" height=\"667\" src=\"https:\/\/afzal-kitchen.es\/wp-content\/uploads\/2026\/04\/catering-en-casa-madrid-evento-comida-india-personas.webp\" alt=\"Catering en casa en Madrid con comida india para cumplea\u00f1os y reuniones familiares\" class=\"wp-image-5106\" srcset=\"https:\/\/afzal-kitchen.es\/wp-content\/uploads\/2026\/04\/catering-en-casa-madrid-evento-comida-india-personas.webp 1000w, https:\/\/afzal-kitchen.es\/wp-content\/uploads\/2026\/04\/catering-en-casa-madrid-evento-comida-india-personas-300x200.webp 300w, https:\/\/afzal-kitchen.es\/wp-content\/uploads\/2026\/04\/catering-en-casa-madrid-evento-comida-india-personas-768x512.webp 768w\" sizes=\"(max-width: 1000px) 100vw, 1000px\" \/><\/figure>\n\n\n\n<ul class=\"wp-block-list\">\n<li>Cumplea\u00f1os en casa <\/li>\n\n\n\n<li>Cenas privadas con amigos o familia<\/li>\n\n\n\n<li> Reuniones familiares<\/li>\n\n\n\n<li> Aniversarios y celebraciones especiales <\/li>\n\n\n\n<li>Eventos peque\u00f1os en casa<\/li>\n<\/ul>\n\n\n\n<p class=\"has-text-align-center\">Nuestro catering en casa en Madrid se adapta a todo tipo de eventos, ofreciendo comida reci\u00e9n preparada, men\u00fas personalizados y una experiencia c\u00f3moda sin salir de casa.<\/p>\n\n\n<div data-spectra-id=\"spectra-mnovrfj0-ru8oqf\" class=\"wp-block-button spectra-buttons wp-block-spectra-buttons\">\n\t\n<a data-spectra-id=\"spectra-mnovrfzf-ey12ef\" href=\"https:\/\/afzal-kitchen.es\/en\/menu\/\" target=\"_self\" aria-label=\"VER MEN\u00da\" style=\"--spectra-text-color: ast-global-color-1\" class=\"wp-block-button__link wp-element-button spectra-text-color wp-elements-6fec521d2badab4738b30d86a64ca46a wp-block-spectra-button has-text-color has-ast-global-color-1-color\">\n<div class=\"spectra-button__link\">VER MEN\u00da <\/div><\/a>\n\n<\/div>\n\n\n<div data-spectra-id=\"spectra-mnlus1zn-xtsmlt\" class=\"wp-block-button spectra-buttons wp-block-spectra-buttons\">\n\t\n<a data-spectra-id=\"spectra-mnlus2ft-ole354\" href=\"https:\/\/wa.me\/34631765559?text=Hola,%20quiero%20presupuesto%20para%20catering%20en%20casa%20en%20Madrid\" target=\"_self\" aria-label=\"Reservar catering en Madrid por WhatsApp\" style=\"--spectra-background-color: vivid-green-cyan\" class=\"wp-block-button__link wp-element-button spectra-background-color wp-block-spectra-button has-background has-vivid-green-cyan-background-color\">\n<div class=\"spectra-button__link\">Reservar catering en Madrid por WhatsApp<\/div><\/a>\n\n<\/div>\n<\/div>\n<\/div>\n\n\n\n<div class=\"wp-block-columns has-background is-layout-flex wp-container-core-columns-is-layout-28f84493 wp-block-columns-is-layout-flex\" style=\"border-top-left-radius:30px;border-top-right-radius:30px;border-bottom-left-radius:30px;border-bottom-right-radius:30px;background-color:#f5f5f5\">\n<div class=\"wp-block-column is-layout-flow wp-block-column-is-layout-flow\">\n<h2 class=\"wp-block-heading alignfull has-text-align-center\">Preguntas frecuentes sobre catering en casa en Madrid<\/h2>\n\n\n\n<h3 class=\"wp-block-heading has-text-align-center\">\u00bfCu\u00e1nto cuesta el catering en casa en Madrid?<\/h3>\n\n\n\n<p class=\"has-text-align-center\">El precio del catering en casa en Madrid empieza desde 12\u20ac por persona, dependiendo del men\u00fa y n\u00famero de invitados..<\/p>\n\n\n\n<h3 class=\"wp-block-heading has-text-align-center\">\u00bfPara cu\u00e1ntas personas es el servicio?<\/h3>\n\n\n\n<p class=\"has-text-align-center\">Nuestro catering en casa en Madrid est\u00e1 disponible para parejas, familias y grupos peque\u00f1os o medianos, adaptando el servicio a cada evento.<\/p>\n\n\n\n<h3 class=\"wp-block-heading alignfull has-text-align-center\">\u00bfOfrec\u00e9is catering para cumplea\u00f1os en Madrid?<\/h3>\n\n\n\n<p class=\"has-text-align-center\">S\u00ed, ofrecemos catering para cumplea\u00f1os en Madrid en casa, con men\u00fas personalizados y opciones adaptadas para adultos y ni\u00f1os.<\/p>\n\n\n\n<h3 class=\"wp-block-heading has-text-align-center\">\u00bfSe puede personalizar el men\u00fa?<\/h3>\n\n\n\n<p class=\"has-text-align-center\">S\u00ed, adaptamos el men\u00fa seg\u00fan el tipo de evento, preferencias y necesidades de los invitados.<\/p>\n\n\n\n<h3 class=\"wp-block-heading alignfull has-text-align-center\">\u00bfC\u00f3mo reservar el catering en casa en Madrid?<\/h3>\n\n\n\n<p class=\"has-text-align-center\">Puedes reservar f\u00e1cilmente por WhatsApp y recibir una propuesta personalizada en menos de 1 hora.<\/p>\n\n\n<div data-spectra-id=\"spectra-mnlv1khx-ddpjb1\" class=\"wp-block-button spectra-buttons wp-block-spectra-buttons\">\n\t\n<a data-spectra-id=\"spectra-mnlv1kxi-vyr1q2\" href=\"https:\/\/wa.me\/34631765559?text=Hola,%20quiero%20presupuesto%20para%20catering%20en%20casa%20en%20Madrid\" target=\"_self\" aria-label=\"Pedir presupuesto por WhatsApp\" style=\"--spectra-background-color: vivid-green-cyan\" class=\"wp-block-button__link wp-element-button spectra-background-color wp-block-spectra-button has-background has-vivid-green-cyan-background-color\">\n<div class=\"spectra-button__link\">Pedir presupuesto por WhatsApp<\/div><\/a>\n\n<\/div>\n<\/div>\n<\/div>\n\n\n\n<div class=\"wp-block-columns is-layout-flex wp-container-core-columns-is-layout-28f84493 wp-block-columns-is-layout-flex\">\n<div class=\"wp-block-column has-background is-layout-flow wp-block-column-is-layout-flow\" style=\"border-top-left-radius:30px;border-top-right-radius:30px;border-bottom-left-radius:30px;border-bottom-right-radius:30px;background-color:#f5f5f5\">\n<h2 class=\"wp-block-heading alignfull has-text-align-center\">Pide tu catering en casa en Madrid<\/h2>\n\n\n\n<p class=\"has-text-align-center has-medium-font-size\">Organiza tu evento sin complicaciones con nuestro catering en casa en Madrid. Escr\u00edbenos ahora y recibe tu presupuesto personalizado en menos de 1 hora.<\/p>\n\n\n\n<p class=\"has-text-align-center has-ast-global-color-3-color has-text-color has-link-color wp-elements-1c5cc34b9be854ceb1f445a47ba7fdb5\"><a href=\"\/en\/menu\/\" title=\"Tambi\u00e9n puedes ver nuestro men\u00fa de catering en Madrid para elegir los platos que m\u00e1s te gusten\">Tambi\u00e9n puedes ver nuestro men\u00fa de catering en Madrid para elegir los platos que m\u00e1s te gusten<\/a>.<\/p>\n\n\n<div data-spectra-id=\"spectra-mnahnvpg-0k2dj3\" class=\"wp-block-button spectra-buttons wp-block-spectra-buttons\">\n\t\n<a data-spectra-id=\"spectra-mnahnw4t-mu54dy\" href=\"https:\/\/wa.me\/34631765559?text=Hola,%20quiero%20presupuesto%20para%20catering%20en%20casa%20en%20Madrid\" target=\"_self\" aria-label=\"Pedir presupuesto por WhatsApp\" style=\"--spectra-background-color: vivid-green-cyan\" class=\"wp-block-button__link wp-element-button spectra-background-color wp-block-spectra-button has-background has-vivid-green-cyan-background-color\">\n<div class=\"spectra-button__link\">Pedir presupuesto por WhatsApp<\/div><\/a>\n\n<\/div>\n<\/div>\n<\/div>","protected":false},"excerpt":{"rendered":"<p>C\u00f3mo funciona el catering en casa Madrid Organizar un catering en casa en Madrid es f\u00e1cil y r\u00e1pido. Ofrecemos catering a domicilio en Madrid con men\u00fas personalizados para cumplea\u00f1os, cenas y eventos privados. Escr\u00edbenos por WhatsApp para tu catering en casa en MadridCu\u00e9ntanos la fecha, n\u00famero de personas y tipo de evento Recibe tu men\u00fa [&hellip;]<\/p>\n","protected":false},"author":1,"featured_media":0,"parent":0,"menu_order":0,"comment_status":"closed","ping_status":"closed","template":"","meta":{"_uag_custom_page_level_css":"","site-sidebar-layout":"no-sidebar","site-content-layout":"plain-container","ast-site-content-layout":"normal-width-container","site-content-style":"unboxed","site-sidebar-style":"unboxed","ast-global-header-display":"","ast-banner-title-visibility":"","ast-main-header-display":"","ast-hfb-above-header-display":"","ast-hfb-below-header-display":"","ast-hfb-mobile-header-display":"","site-post-title":"disabled","ast-breadcrumbs-content":"","ast-featured-img":"disabled","footer-sml-layout":"","ast-disable-related-posts":"","theme-transparent-header-meta":"disabled","adv-header-id-meta":"","stick-header-meta":"","header-above-stick-meta":"","header-main-stick-meta":"","header-below-stick-meta":"","astra-migrate-meta-layouts":"set","ast-page-background-enabled":"default","ast-page-background-meta":{"desktop":{"background-color":"","background-image":"","background-repeat":"repeat","background-position":"center center","background-size":"auto","background-attachment":"scroll","background-type":"","background-media":"","overlay-type":"","overlay-color":"","overlay-opacity":"","overlay-gradient":""},"tablet":{"background-color":"","background-image":"","background-repeat":"repeat","background-position":"center center","background-size":"auto","background-attachment":"scroll","background-type":"","background-media":"","overlay-type":"","overlay-color":"","overlay-opacity":"","overlay-gradient":""},"mobile":{"background-color":"","background-image":"","background-repeat":"repeat","background-position":"center center","background-size":"auto","background-attachment":"scroll","background-type":"","background-media":"","overlay-type":"","overlay-color":"","overlay-opacity":"","overlay-gradient":""}},"ast-content-background-meta":{"desktop":{"background-color":"var(--ast-global-color-5)","background-image":"","background-repeat":"repeat","background-position":"center center","background-size":"auto","background-attachment":"scroll","background-type":"","background-media":"","overlay-type":"","overlay-color":"","overlay-opacity":"","overlay-gradient":""},"tablet":{"background-color":"var(--ast-global-color-5)","background-image":"","background-repeat":"repeat","background-position":"center center","background-size":"auto","background-attachment":"scroll","background-type":"","background-media":"","overlay-type":"","overlay-color":"","overlay-opacity":"","overlay-gradient":""},"mobile":{"background-color":"var(--ast-global-color-5)","background-image":"","background-repeat":"repeat","background-position":"center center","background-size":"auto","background-attachment":"scroll","background-type":"","background-media":"","overlay-type":"","overlay-color":"","overlay-opacity":"","overlay-gradient":""}},"footnotes":""},"class_list":["post-374","page","type-page","status-publish","hentry"],"aioseo_notices":[],"uagb_featured_image_src":{"full":false,"thumbnail":false,"medium":false,"medium_large":false,"large":false,"1536x1536":false,"2048x2048":false,"trp-custom-language-flag":false},"uagb_author_info":{"display_name":"chef.afzal.kitchen@gmail.com","author_link":"https:\/\/afzal-kitchen.es\/en\/author\/chef-afzal-kitchengmail-com\/"},"uagb_comment_info":0,"uagb_excerpt":"C\u00f3mo funciona el catering en casa Madrid Organizar un catering en casa en Madrid es f\u00e1cil y r\u00e1pido. Ofrecemos catering a domicilio en Madrid con men\u00fas personalizados para cumplea\u00f1os, cenas y eventos privados. Escr\u00edbenos por WhatsApp para tu catering en casa en MadridCu\u00e9ntanos la fecha, n\u00famero de personas y tipo de evento Recibe tu men\u00fa&hellip;","_links":{"self":[{"href":"https:\/\/afzal-kitchen.es\/en\/wp-json\/wp\/v2\/pages\/374","targetHints":{"allow":["GET"]}}],"collection":[{"href":"https:\/\/afzal-kitchen.es\/en\/wp-json\/wp\/v2\/pages"}],"about":[{"href":"https:\/\/afzal-kitchen.es\/en\/wp-json\/wp\/v2\/types\/page"}],"author":[{"embeddable":true,"href":"https:\/\/afzal-kitchen.es\/en\/wp-json\/wp\/v2\/users\/1"}],"replies":[{"embeddable":true,"href":"https:\/\/afzal-kitchen.es\/en\/wp-json\/wp\/v2\/comments?post=374"}],"version-history":[{"count":101,"href":"https:\/\/afzal-kitchen.es\/en\/wp-json\/wp\/v2\/pages\/374\/revisions"}],"predecessor-version":[{"id":5731,"href":"https:\/\/afzal-kitchen.es\/en\/wp-json\/wp\/v2\/pages\/374\/revisions\/5731"}],"wp:attachment":[{"href":"https:\/\/afzal-kitchen.es\/en\/wp-json\/wp\/v2\/media?parent=374"}],"curies":[{"name":"wp","href":"https:\/\/api.w.org\/{rel}","templated":true}]}}