{"id":372,"date":"2026-03-26T14:26:07","date_gmt":"2026-03-26T13:26:07","guid":{"rendered":"https:\/\/afzal-kitchen.es\/menu-dark\/"},"modified":"2026-05-03T14:27:47","modified_gmt":"2026-05-03T13:27:47","slug":"catering-para-cumpleanos-madrid","status":"publish","type":"page","link":"https:\/\/afzal-kitchen.es\/en\/catering-para-cumpleanos-madrid\/","title":{"rendered":"Catering para cumplea\u00f1os Madrid"},"content":{"rendered":"<div data-spectra-id=\"spectra-mn9dg6b5-zktkc2\"\tstyle=\"overflow: visible; --spectra-background-color: #f5f5f5;\" class=\"spectra-is-root-container alignfull spectra-overlay-color spectra-overflow spectra-background-color wp-block-spectra-container\" data-orientation=\"vertical\"\t>\n\t\n<div data-spectra-id=\"spectra-mn9dg9ts-vf9k9p\" style=\"overflow: visible\" class=\"spectra-overlay-color spectra-overflow wp-block-spectra-container\" data-orientation=\"vertical\">\n\t\n\n<h1 class=\"wp-block-heading has-text-align-center\">Catering para cumplea\u00f1os en Madrid<\/h1>\n\n\n\n<p class=\"has-text-align-center\">Ofrecemos catering para cumplea\u00f1os en Madrid con servicio a domicilio, ideal para celebrar en casa sin preocupaciones y disfrutar con tus invitados.<\/p>\n\n\n\n<p class=\"has-text-align-center\">Nos encargamos de todo: comida reci\u00e9n preparada, men\u00fas personalizados y una experiencia con chef privado que transforma tu celebraci\u00f3n en algo \u00fanico.<\/p>\n\n\n\n<p class=\"has-text-align-center has-ast-global-color-3-color has-text-color has-link-color wp-elements-5557fee6b0fd45c8854d28b8b5ccec78\">Si buscas una opci\u00f3n m\u00e1s exclusiva, puedes ver tambi\u00e9n nuestro servicio de <a href=\"https:\/\/afzal-kitchen.es\/en\/chef-privado-madrid\/\" title=\"Chef Privado Madrid\">chef privado en Madrid<\/a> para eventos m\u00e1s personalizados.<\/p>\n\n\n\n<p class=\"has-text-align-center\">Reserva tu catering para cumplea\u00f1os en Madrid por WhatsApp y recibe tu propuesta adaptada en pocos minutos.<\/p>\n\n\n\n<div class=\"wp-block-buttons is-content-justification-center is-layout-flex wp-container-core-buttons-is-layout-a89b3969 wp-block-buttons-is-layout-flex\">\n<div class=\"wp-block-button\"><a class=\"wp-block-button__link has-vivid-green-cyan-background-color has-background has-text-align-center wp-element-button\" href=\"https:\/\/wa.me\/34631765559?text=Hola%20quiero%20informaci%C3%B3n%20sobre%20catering%20para%20cumplea%C3%B1os%20en%20Madrid\" style=\"border-style:none;border-width:0px;border-top-left-radius:35px;border-top-right-radius:35px;border-bottom-left-radius:35px;border-bottom-right-radius:35px;padding-top:var(--wp--preset--spacing--20);padding-right:var(--wp--preset--spacing--20);padding-bottom:var(--wp--preset--spacing--20);padding-left:var(--wp--preset--spacing--20)\">Pedir presupuesto por WhatsApp<\/a><\/div>\n<\/div>\n\n\n<div data-spectra-id=\"spectra-mnou3kiv-mrrmdj\" class=\"wp-block-button spectra-buttons wp-block-spectra-buttons\">\n\t\n<a data-spectra-id=\"spectra-mnou3l11-sfup1x\" href=\"https:\/\/afzal-kitchen.es\/en\/menu\/\" target=\"_self\" aria-label=\"Ver men\u00fa\" style=\"--spectra-text-color: ast-global-color-1\" class=\"wp-block-button__link wp-element-button spectra-text-color wp-elements-a0a1a8b5d61f8c0389397048af6534b4 wp-block-spectra-button has-text-color has-ast-global-color-1-color\">\n<div class=\"spectra-button__link\">Ver men\u00fa<\/div><\/a>\n\n<\/div>\n\n<\/div>\n\n\n<div data-spectra-id=\"spectra-mn9dg9u2-4yff75\" style=\"overflow: visible\" class=\"spectra-overlay-color spectra-overflow wp-block-spectra-container\" data-orientation=\"vertical\">\n\t\n\n<figure data-spectra-id=\"spectra-mn9dthbf-949fbh\" class=\"wp-block-image size-full\"><img fetchpriority=\"high\" decoding=\"async\" width=\"1200\" height=\"800\" src=\"https:\/\/afzal-kitchen.es\/wp-content\/uploads\/2026\/03\/catering-cumpleanos-madrid-comida-india-1.webp\" alt=\"Catering para cumplea\u00f1os en Madrid con comida india aut\u00e9ntica\" class=\"wp-image-4529\" srcset=\"https:\/\/afzal-kitchen.es\/wp-content\/uploads\/2026\/03\/catering-cumpleanos-madrid-comida-india-1.webp 1200w, https:\/\/afzal-kitchen.es\/wp-content\/uploads\/2026\/03\/catering-cumpleanos-madrid-comida-india-1-300x200.webp 300w, https:\/\/afzal-kitchen.es\/wp-content\/uploads\/2026\/03\/catering-cumpleanos-madrid-comida-india-1-1024x683.webp 1024w, https:\/\/afzal-kitchen.es\/wp-content\/uploads\/2026\/03\/catering-cumpleanos-madrid-comida-india-1-768x512.webp 768w\" sizes=\"(max-width: 1200px) 100vw, 1200px\" \/><\/figure>\n\n<\/div>\n\n<\/div>\n\n\n\n<div class=\"wp-block-columns has-background is-layout-flex wp-container-core-columns-is-layout-28f84493 wp-block-columns-is-layout-flex\" style=\"border-top-left-radius:31px;border-top-right-radius:31px;border-bottom-left-radius:31px;border-bottom-right-radius:31px;background-color:#f5f5f5\">\n<div class=\"wp-block-column is-layout-flow wp-block-column-is-layout-flow\">\n<h2 class=\"wp-block-heading has-text-align-center\">C\u00f3mo funciona nuestro catering para cumplea\u00f1os en Madrid<\/h2>\n\n\n\n<p class=\"has-text-align-center has-medium-font-size\">Organizar un catering para cumplea\u00f1os en Madrid es f\u00e1cil, r\u00e1pido y totalmente personalizado<\/p>\n\n\n\n<h3 class=\"wp-block-heading has-text-align-center\">Escr\u00edbenos por WhatsApp<\/h3>\n\n\n\n<p class=\"has-text-align-center\">Cu\u00e9ntanos tu evento: n\u00famero de personas, tipo de cumplea\u00f1os (adultos o infantil) y qu\u00e9 tipo de experiencia buscas.<\/p>\n\n\n\n<h3 class=\"wp-block-heading has-text-align-center\">Recibe tu men\u00fa personalizado<\/h3>\n\n\n\n<p class=\"has-text-align-center\">Te enviamos una propuesta adaptada con opciones de cocina india aut\u00e9ntica, men\u00fas personalizados y servicio de chef privado.<\/p>\n\n\n\n<h3 class=\"wp-block-heading has-text-align-center\">Disfruta del catering en casa<\/h3>\n\n\n\n<p class=\"has-text-align-center\">Nos encargamos de todo para que puedas disfrutar de tu cumplea\u00f1os en Madrid sin preocuparte por la comida ni la organizaci\u00f3n.<\/p>\n\n\n\n<p class=\"has-text-align-center has-ast-global-color-3-color has-text-color has-link-color wp-elements-21c2e7641c42df413f2882f105f08824\">Si quieres ver ejemplos de platos, puedes visitar nuestro <a href=\"https:\/\/afzal-kitchen.es\/en\/menu\/\" title=\"Men\u00fa\">men\u00fa de cocina india en Madrid.<\/a><\/p>\n<\/div>\n<\/div>\n\n\n\n<div class=\"wp-block-columns is-layout-flex wp-container-core-columns-is-layout-28f84493 wp-block-columns-is-layout-flex\">\n<div class=\"wp-block-column has-background is-layout-flow wp-block-column-is-layout-flow\" style=\"border-top-left-radius:30px;border-top-right-radius:30px;border-bottom-left-radius:30px;border-bottom-right-radius:30px;background-color:#f5f5f5\">\n<h2 class=\"wp-block-heading has-text-align-center\">Qu\u00e9 incluye nuestro catering para cumplea\u00f1os en Madrid<\/h2>\n\n\n\n<p class=\"has-text-align-center has-medium-font-size\">Ofrecemos un servicio completo de catering para cumplea\u00f1os en Madrid pensado para celebrar en casa sin complicaciones.<\/p>\n\n\n\n<figure data-spectra-id=\"spectra-mnlqdswt-awhhsg\" class=\"wp-block-image alignfull size-full\"><img decoding=\"async\" width=\"800\" height=\"533\" src=\"https:\/\/afzal-kitchen.es\/wp-content\/uploads\/2026\/04\/menu-catering-cumpleanos-madrid-comida-india.webp\" alt=\"menu de catering para cumplea\u00f1os en Madrid con comida india\" class=\"wp-image-4997\" srcset=\"https:\/\/afzal-kitchen.es\/wp-content\/uploads\/2026\/04\/menu-catering-cumpleanos-madrid-comida-india.webp 800w, https:\/\/afzal-kitchen.es\/wp-content\/uploads\/2026\/04\/menu-catering-cumpleanos-madrid-comida-india-300x200.webp 300w, https:\/\/afzal-kitchen.es\/wp-content\/uploads\/2026\/04\/menu-catering-cumpleanos-madrid-comida-india-768x512.webp 768w\" sizes=\"(max-width: 800px) 100vw, 800px\" \/><\/figure>\n\n\n\n<ul class=\"wp-block-list\">\n<li>Men\u00fa personalizado seg\u00fan tu evento <\/li>\n\n\n\n<li>Cocina india aut\u00e9ntica reci\u00e9n preparada <\/li>\n\n\n\n<li>Opciones vegetarianas y no vegetarianas <\/li>\n\n\n\n<li>entrantes, platos principales y acompa\u00f1amientos <\/li>\n\n\n\n<li>Servicio de chef privado en tu domicilio<\/li>\n<\/ul>\n\n\n\n<p class=\"has-text-align-center has-ast-global-color-3-color has-text-color has-link-color wp-elements-c5b8f04327614e8abb65d6539a7e0f95\">Este servicio es ideal para cumplea\u00f1os de adultos, celebraciones familiares y fiestas privadas en casa en Madrid.<\/p>\n\n\n\n<p class=\"has-text-align-center has-ast-global-color-3-color has-text-color has-link-color wp-elements-182c6dea34584b86ba7c7cfb59fa5557\">Si buscas una experiencia m\u00e1s completa, <a href=\"https:\/\/afzal-kitchen.es\/en\/catering-en-casa-madrid\/\" title=\"puedes ver tambi\u00e9n nuestro catering en casa en Madrid.\">puedes ver tambi\u00e9n nuestro catering en casa en Madrid.<\/a><\/p>\n\n\n<div data-spectra-id=\"spectra-mnouryw4-d9o53c\" class=\"wp-block-button spectra-buttons wp-block-spectra-buttons\">\n\t\n<a data-spectra-id=\"spectra-mnourz90-6spmmf\" href=\"https:\/\/afzal-kitchen.es\/en\/menu\/\" target=\"_self\" aria-label=\"Ver men\u00fa de cocina india en Madrid\" style=\"--spectra-text-color: ast-global-color-1\" class=\"wp-block-button__link wp-element-button spectra-text-color wp-elements-160946acc183c1c7acb5cc56ff42859e wp-block-spectra-button has-text-color has-ast-global-color-1-color\">\n<div class=\"spectra-button__link\">Ver men\u00fa de cocina india en Madrid<\/div><\/a>\n\n<\/div>\n<\/div>\n<\/div>\n\n\n\n<div class=\"wp-block-columns is-layout-flex wp-container-core-columns-is-layout-28f84493 wp-block-columns-is-layout-flex\">\n<div class=\"wp-block-column has-background is-layout-flow wp-block-column-is-layout-flow\" style=\"border-top-left-radius:30px;border-top-right-radius:30px;border-bottom-left-radius:30px;border-bottom-right-radius:30px;background-color:#f5f5f5\">\n<h2 class=\"wp-block-heading has-text-align-center\">Catering para cumplea\u00f1os en casa en Madrid: adultos, infantiles y eventos privados<\/h2>\n\n\n\n<p class=\"has-text-align-center has-medium-font-size\">Ofrecemos catering para cumplea\u00f1os en Madrid adaptado a todo tipo de celebraciones en casa.<\/p>\n\n\n\n<figure data-spectra-id=\"spectra-mnlr3mom-00dtfn\" class=\"wp-block-image alignfull size-full\"><img decoding=\"async\" width=\"800\" height=\"533\" src=\"https:\/\/afzal-kitchen.es\/wp-content\/uploads\/2026\/04\/catering-cumpleanos-madrid-comida-india-evento.webp\" alt=\"catering para cumplea\u00f1os en Madrid con comida india\" class=\"wp-image-5001\" srcset=\"https:\/\/afzal-kitchen.es\/wp-content\/uploads\/2026\/04\/catering-cumpleanos-madrid-comida-india-evento.webp 800w, https:\/\/afzal-kitchen.es\/wp-content\/uploads\/2026\/04\/catering-cumpleanos-madrid-comida-india-evento-300x200.webp 300w, https:\/\/afzal-kitchen.es\/wp-content\/uploads\/2026\/04\/catering-cumpleanos-madrid-comida-india-evento-768x512.webp 768w\" sizes=\"(max-width: 800px) 100vw, 800px\" \/><\/figure>\n\n\n\n<ul class=\"wp-block-list\">\n<li>Cumplea\u00f1os de adultos con men\u00fas personalizados y servicio de chef privado <\/li>\n\n\n\n<li>Cumplea\u00f1os infantiles con opciones adaptadas para ni\u00f1os <\/li>\n\n\n\n<li>Fiestas privadas y reuniones familiares <\/li>\n\n\n\n<li>Celebraciones especiales en casa con experiencia gastron\u00f3mica completa<\/li>\n<\/ul>\n\n\n\n<p class=\"has-text-align-center\">Nos adaptamos al n\u00famero de invitados, preferencias y estilo de tu evento para crear una experiencia \u00fanica.<\/p>\n\n\n\n<p class=\"has-text-align-center has-ast-global-color-3-color has-text-color has-link-color wp-elements-d913dff5f1c126c31f8140dd372cf2af\">Si buscas una opci\u00f3n m\u00e1s exclusiva, puedes ver tambi\u00e9n nuestro <a href=\"https:\/\/afzal-kitchen.es\/en\/chef-privado-madrid\/\" title=\"Chef Privado Madrid\">chef privado en Madrid.<\/a><\/p>\n\n\n<div data-spectra-id=\"spectra-mnaaalej-3ix123\" class=\"wp-block-button spectra-buttons wp-block-spectra-buttons\">\n\t\n<a data-spectra-id=\"spectra-mnaaam7h-rmdgkn\" href=\"https:\/\/wa.me\/34631765559?text=Hola%20quiero%20informaci%C3%B3n%20sobre%20catering%20para%20cumplea%C3%B1os%20en%20Madrid\" target=\"_self\" aria-label=\"Solicitar catering para cumplea\u00f1os por WhatsApp\" style=\"--spectra-background-color: vivid-green-cyan\" class=\"wp-block-button__link wp-element-button spectra-background-color wp-block-spectra-button has-background has-vivid-green-cyan-background-color\">\n<div class=\"spectra-button__link\">Solicitar catering para cumplea\u00f1os por WhatsApp<\/div><\/a>\n\n<\/div>\n<\/div>\n<\/div>\n\n\n\n<div class=\"wp-block-columns has-background is-layout-flex wp-container-core-columns-is-layout-28f84493 wp-block-columns-is-layout-flex\" style=\"border-top-left-radius:30px;border-top-right-radius:30px;border-bottom-left-radius:30px;border-bottom-right-radius:30px;background-color:#f5f5f5\">\n<div class=\"wp-block-column is-layout-flow wp-block-column-is-layout-flow\">\n<h2 class=\"wp-block-heading has-text-align-center\">Precio del catering para cumplea\u00f1os en Madrid<\/h2>\n\n\n\n<p class=\"has-text-align-center\">Ofrecemos catering para cumplea\u00f1os en Madrid con precios personalizados seg\u00fan el tipo de evento, n\u00famero de personas y men\u00fa elegido.<\/p>\n\n\n\n<p class=\"has-text-align-center\">El precio puede variar seg\u00fan el servicio, pero generalmente empieza desde <strong>XX\u20ac por persona<\/strong> para celebraciones en casa.<\/p>\n\n\n\n<p class=\"has-text-align-center\">Incluye men\u00fa personalizado, cocina reci\u00e9n preparada y servicio adaptado a tu evento.<\/p>\n\n\n\n<p class=\"has-text-align-center has-ast-global-color-3-color has-text-color has-link-color wp-elements-968958dc6f8de47c78cedf80433b1ca4\">Para opciones m\u00e1s completas, tambi\u00e9n puedes ver nuestro <a href=\"https:\/\/afzal-kitchen.es\/en\/catering-en-casa-madrid\/\" title=\"catering en casa en Madrid.\">catering en casa en Madrid.<\/a><\/p>\n\n\n\n<p class=\"has-text-align-center\">Pide tu presupuesto por WhatsApp y te enviamos una propuesta adaptada en pocos minutos.<\/p>\n<\/div>\n<\/div>\n\n\n\n<div class=\"wp-block-columns is-layout-flex wp-container-core-columns-is-layout-28f84493 wp-block-columns-is-layout-flex\">\n<div class=\"wp-block-column has-background is-layout-flow wp-block-column-is-layout-flow\" style=\"border-top-left-radius:30px;border-top-right-radius:30px;border-bottom-left-radius:30px;border-bottom-right-radius:30px;background-color:#f5f5f5\">\n<h2 class=\"wp-block-heading alignfull has-text-align-center\">Preguntas frecuentes sobre catering para cumplea\u00f1os en Madrid<\/h2>\n\n\n\n<p class=\"has-text-align-center\"><strong>\u00bfPara cu\u00e1ntas personas ofrec\u00e9is catering para cumplea\u00f1os?<\/strong><br>Adaptamos nuestro catering para cumplea\u00f1os en Madrid al n\u00famero de invitados, tanto para grupos peque\u00f1os como celebraciones m\u00e1s grandes en casa.<\/p>\n\n\n\n<p class=\"has-text-align-center\"><strong>\u00bfSe puede personalizar el men\u00fa?<\/strong><br>S\u00ed, ofrecemos men\u00fas personalizados con cocina india aut\u00e9ntica adaptados a tu evento y preferencias.<\/p>\n\n\n\n<p class=\"has-text-align-center\"><strong>\u00bfTen\u00e9is opciones vegetarianas?<\/strong><br>S\u00ed, contamos con opciones vegetarianas y no vegetarianas para todos los invitados.<\/p>\n\n\n\n<p class=\"has-text-align-center\"><strong>\u00bfCon cu\u00e1nta antelaci\u00f3n debo reservar?<\/strong><br>Recomendamos reservar con antelaci\u00f3n, especialmente para fines de semana y fechas con alta demanda.<\/p>\n\n\n\n<p class=\"has-text-align-center\"><strong>\u00bfC\u00f3mo puedo pedir presupuesto?<\/strong><br>Puedes pedir tu presupuesto de catering para cumplea\u00f1os en Madrid por WhatsApp y te respondemos en pocos minutos.<\/p>\n\n\n\n<p class=\"has-text-align-center has-ast-global-color-3-color has-text-color has-link-color wp-elements-0ccf04c9b4d4a168041e69479aafee71\">Pedir presupuesto de catering para cumplea\u00f1os en Madrid por WhatsApp<\/p>\n<\/div>\n<\/div>\n\n\n\n<div class=\"wp-block-columns is-layout-flex wp-container-core-columns-is-layout-28f84493 wp-block-columns-is-layout-flex\">\n<div class=\"wp-block-column has-ast-global-color-0-background-color has-background is-layout-flow wp-block-column-is-layout-flow\" style=\"border-top-left-radius:33px;border-top-right-radius:33px;border-bottom-left-radius:33px;border-bottom-right-radius:33px\">\n<h2 class=\"wp-block-heading alignfull has-text-align-center\">Pide tu presupuesto de catering para cumplea\u00f1os en Madrid<\/h2>\n\n\n\n<p class=\"has-text-align-center\">Organizamos tu catering para cumplea\u00f1os en Madrid con men\u00fa personalizado, comida reci\u00e9n preparada y servicio adaptado a tu evento en casa.<\/p>\n\n\n\n<p class=\"has-text-align-center\">Solicita tu presupuesto por WhatsApp y recibe una propuesta personalizada en pocos minutos.<\/p>\n\n\n<div data-spectra-id=\"spectra-mopqspoa-i7dmso\" class=\"wp-block-button spectra-buttons wp-block-spectra-buttons\">\n\t\n<a data-spectra-id=\"spectra-mopqsq7t-huhzio\" href=\"https:\/\/wa.me\/34631765559?text=Hola%20quiero%20informaci%C3%B3n%20sobre%20catering%20para%20cumplea%C3%B1os%20en%20Madrid\" target=\"_self\" aria-label=\"Pide tu presupuesto de catering para cumplea\u00f1os en Madrid por WhatsApp\" style=\"--spectra-background-color: vivid-green-cyan\" class=\"wp-block-button__link wp-element-button spectra-background-color wp-block-spectra-button has-background has-vivid-green-cyan-background-color\">\n<div class=\"spectra-button__link\">Pide tu presupuesto de catering para cumplea\u00f1os en Madrid por WhatsApp<\/div><\/a>\n\n<\/div>\n<\/div>\n<\/div>","protected":false},"excerpt":{"rendered":"<p>C\u00f3mo funciona nuestro catering para cumplea\u00f1os en Madrid Organizar un catering para cumplea\u00f1os en Madrid es f\u00e1cil, r\u00e1pido y totalmente personalizado Escr\u00edbenos por WhatsApp Cu\u00e9ntanos tu evento: n\u00famero de personas, tipo de cumplea\u00f1os (adultos o infantil) y qu\u00e9 tipo de experiencia buscas. Recibe tu men\u00fa personalizado Te enviamos una propuesta adaptada con opciones de cocina [&hellip;]<\/p>\n","protected":false},"author":1,"featured_media":0,"parent":0,"menu_order":0,"comment_status":"closed","ping_status":"closed","template":"","meta":{"_uag_custom_page_level_css":"","site-sidebar-layout":"no-sidebar","site-content-layout":"plain-container","ast-site-content-layout":"normal-width-container","site-content-style":"unboxed","site-sidebar-style":"unboxed","ast-global-header-display":"","ast-banner-title-visibility":"","ast-main-header-display":"","ast-hfb-above-header-display":"","ast-hfb-below-header-display":"","ast-hfb-mobile-header-display":"","site-post-title":"disabled","ast-breadcrumbs-content":"","ast-featured-img":"disabled","footer-sml-layout":"","ast-disable-related-posts":"","theme-transparent-header-meta":"disabled","adv-header-id-meta":"","stick-header-meta":"","header-above-stick-meta":"","header-main-stick-meta":"","header-below-stick-meta":"","astra-migrate-meta-layouts":"set","ast-page-background-enabled":"default","ast-page-background-meta":{"desktop":{"background-color":"","background-image":"","background-repeat":"repeat","background-position":"center center","background-size":"auto","background-attachment":"scroll","background-type":"","background-media":"","overlay-type":"","overlay-color":"","overlay-opacity":"","overlay-gradient":""},"tablet":{"background-color":"","background-image":"","background-repeat":"repeat","background-position":"center center","background-size":"auto","background-attachment":"scroll","background-type":"","background-media":"","overlay-type":"","overlay-color":"","overlay-opacity":"","overlay-gradient":""},"mobile":{"background-color":"","background-image":"","background-repeat":"repeat","background-position":"center center","background-size":"auto","background-attachment":"scroll","background-type":"","background-media":"","overlay-type":"","overlay-color":"","overlay-opacity":"","overlay-gradient":""}},"ast-content-background-meta":{"desktop":{"background-color":"var(--ast-global-color-5)","background-image":"","background-repeat":"repeat","background-position":"center center","background-size":"auto","background-attachment":"scroll","background-type":"","background-media":"","overlay-type":"","overlay-color":"","overlay-opacity":"","overlay-gradient":""},"tablet":{"background-color":"var(--ast-global-color-5)","background-image":"","background-repeat":"repeat","background-position":"center center","background-size":"auto","background-attachment":"scroll","background-type":"","background-media":"","overlay-type":"","overlay-color":"","overlay-opacity":"","overlay-gradient":""},"mobile":{"background-color":"var(--ast-global-color-5)","background-image":"","background-repeat":"repeat","background-position":"center center","background-size":"auto","background-attachment":"scroll","background-type":"","background-media":"","overlay-type":"","overlay-color":"","overlay-opacity":"","overlay-gradient":""}},"footnotes":""},"class_list":["post-372","page","type-page","status-publish","hentry"],"aioseo_notices":[],"uagb_featured_image_src":{"full":false,"thumbnail":false,"medium":false,"medium_large":false,"large":false,"1536x1536":false,"2048x2048":false,"trp-custom-language-flag":false},"uagb_author_info":{"display_name":"chef.afzal.kitchen@gmail.com","author_link":"https:\/\/afzal-kitchen.es\/en\/author\/chef-afzal-kitchengmail-com\/"},"uagb_comment_info":0,"uagb_excerpt":"C\u00f3mo funciona nuestro catering para cumplea\u00f1os en Madrid Organizar un catering para cumplea\u00f1os en Madrid es f\u00e1cil, r\u00e1pido y totalmente personalizado Escr\u00edbenos por WhatsApp Cu\u00e9ntanos tu evento: n\u00famero de personas, tipo de cumplea\u00f1os (adultos o infantil) y qu\u00e9 tipo de experiencia buscas. Recibe tu men\u00fa personalizado Te enviamos una propuesta adaptada con opciones de cocina&hellip;","_links":{"self":[{"href":"https:\/\/afzal-kitchen.es\/en\/wp-json\/wp\/v2\/pages\/372","targetHints":{"allow":["GET"]}}],"collection":[{"href":"https:\/\/afzal-kitchen.es\/en\/wp-json\/wp\/v2\/pages"}],"about":[{"href":"https:\/\/afzal-kitchen.es\/en\/wp-json\/wp\/v2\/types\/page"}],"author":[{"embeddable":true,"href":"https:\/\/afzal-kitchen.es\/en\/wp-json\/wp\/v2\/users\/1"}],"replies":[{"embeddable":true,"href":"https:\/\/afzal-kitchen.es\/en\/wp-json\/wp\/v2\/comments?post=372"}],"version-history":[{"count":105,"href":"https:\/\/afzal-kitchen.es\/en\/wp-json\/wp\/v2\/pages\/372\/revisions"}],"predecessor-version":[{"id":5803,"href":"https:\/\/afzal-kitchen.es\/en\/wp-json\/wp\/v2\/pages\/372\/revisions\/5803"}],"wp:attachment":[{"href":"https:\/\/afzal-kitchen.es\/en\/wp-json\/wp\/v2\/media?parent=372"}],"curies":[{"name":"wp","href":"https:\/\/api.w.org\/{rel}","templated":true}]}}