{"id":370,"date":"2026-03-16T14:26:07","date_gmt":"2026-03-16T14:26:07","guid":{"rendered":"https:\/\/afzal-kitchen.es\/menu\/"},"modified":"2026-05-02T18:09:22","modified_gmt":"2026-05-02T17:09:22","slug":"menu","status":"publish","type":"page","link":"https:\/\/afzal-kitchen.es\/en\/menu\/","title":{"rendered":"Men\u00fa"},"content":{"rendered":"<div data-spectra-id=\"spectra-mnbxqlqv-f2flzq\"\tstyle=\"overflow: visible; --spectra-background-color: #f5f5f5;\" class=\"spectra-is-root-container alignfull spectra-overlay-color spectra-overflow spectra-background-color wp-block-spectra-container\" data-orientation=\"vertical\"\t>\n\t\n\n<h1 class=\"wp-block-heading has-text-align-center\">Men\u00fa de catering en Madrid con cocina india<\/h1>\n\n\n\n<p class=\"has-text-align-center\">Descubre nuestro men\u00fa de catering en Madrid con platos de cocina india aut\u00e9ntica, preparados al momento y adaptados a cada tipo de evento en casa<\/p>\n\n\n<div data-spectra-id=\"spectra-mnbxx314-347rii\" class=\"wp-block-button spectra-buttons wp-block-spectra-buttons\">\n\t\n<a data-spectra-id=\"spectra-mnby0jkc-hdq0aj\" href=\"#platos-principales\" target=\"_self\" aria-label=\"Ver platos del men\u00fa\" style=\"--spectra-text-color: vivid-green-cyan;--spectra-background-color: ast-global-color-4\" class=\"wp-block-button__link wp-element-button spectra-text-color spectra-background-color wp-elements-62f036fbdc609d3bc51d0da529eb9e27 wp-block-spectra-button has-text-color has-vivid-green-cyan-color has-background has-ast-global-color-4-background-color\">\n<div class=\"spectra-button__link\">Ver platos del men\u00fa<\/div><\/a>\n\n\n<a data-spectra-id=\"spectra-mnbxx3el-bgfw6a\" href=\"https:\/\/wa.me\/34631765559\" target=\"_self\" aria-label=\"Pedir catering o chef privado en Madrid por WhatsApp\" style=\"--spectra-text-color: ast-global-color-5;--spectra-background-color: vivid-green-cyan\" class=\"wp-block-button__link wp-element-button spectra-text-color spectra-background-color wp-elements-67aae21d770ebd6fc97cd3b036525b62 wp-block-spectra-button has-text-color has-ast-global-color-5-color has-background has-vivid-green-cyan-background-color\">\n<div class=\"spectra-button__link\">Pedir catering o chef privado en Madrid por WhatsApp<\/div><\/a>\n\n<\/div>\n\n\n\n<p class=\"has-text-align-center\">.<\/p>\n\n\n\n<figure data-spectra-id=\"spectra-mnby4597-1u9bwf\" class=\"wp-block-image size-full\"><img fetchpriority=\"high\" decoding=\"async\" width=\"800\" height=\"533\" src=\"https:\/\/afzal-kitchen.es\/wp-content\/uploads\/2026\/03\/menu-cocina-india-madrid.webp\" alt=\"Men\u00fa de cocina india para eventos en casa en Madrid\" class=\"wp-image-4664\" srcset=\"https:\/\/afzal-kitchen.es\/wp-content\/uploads\/2026\/03\/menu-cocina-india-madrid.webp 800w, https:\/\/afzal-kitchen.es\/wp-content\/uploads\/2026\/03\/menu-cocina-india-madrid-300x200.webp 300w, https:\/\/afzal-kitchen.es\/wp-content\/uploads\/2026\/03\/menu-cocina-india-madrid-768x512.webp 768w\" sizes=\"(max-width: 800px) 100vw, 800px\" \/><\/figure>\n\n\n<div data-spectra-id=\"spectra-mnc0j7av-fgzrsn\" style=\"overflow: visible\" class=\"spectra-overlay-color spectra-overflow wp-block-spectra-container\" data-orientation=\"vertical\">\n\t\n\n<h2 class=\"wp-block-heading has-text-align-center\">C\u00f3mo elegir tu men\u00fa de catering en Madrid<\/h2>\n\n\n\n<p>Puedes crear tu men\u00fa eligiendo un plato de cada categor\u00eda seg\u00fan tu evento.<\/p>\n\n\n\n<h3 class=\"wp-block-heading has-medium-font-size\">\u2714 1 entrante<br>\u2714 1 plato principal<br>\u2714 1 arroz<br>\u2714 1 naan<br>\u2714 1 postre<\/h3>\n\n\n\n<p class=\"has-ast-global-color-2-color has-text-color has-link-color wp-elements-2cadda7e67f94fde7e2fe2b3c4be3932\"><a href=\"\/en\/catering-en-casa-madrid\/\" title=\"Si quieres contratar el servicio completo, puedes ver nuestro catering en casa en Madrid.\">Si quieres contratar el servicio completo, puedes ver nuestro catering en casa en Madrid.<\/a><\/p>\n\n\n<div data-spectra-id=\"spectra-moojzqy8-36f5pu\" class=\"wp-block-button spectra-buttons wp-block-spectra-buttons\">\n\t\n<a data-spectra-id=\"spectra-moojzroq-dgjoyg\" href=\"https:\/\/wa.me\/34632250441?text=Hola,%20quiero%20pedir%20presupuesto%20para%20un%20evento%20en%20casa%20en%20Madrid\" target=\"_self\" aria-label=\"Pedir presupuesto por WhatsApp\" style=\"--spectra-background-color: vivid-green-cyan\" class=\"wp-block-button__link wp-element-button spectra-background-color wp-block-spectra-button has-background has-vivid-green-cyan-background-color\">\n<div class=\"spectra-button__link\">Pedir presupuesto por WhatsApp<\/div><\/a>\n\n<\/div>\n\n\n\n<div class=\"wp-block-columns is-layout-flex wp-container-core-columns-is-layout-28f84493 wp-block-columns-is-layout-flex\">\n<div class=\"wp-block-column is-layout-flow wp-block-column-is-layout-flow\">\n<h2 class=\"wp-block-heading alignfull has-text-align-center\">Qu\u00e9 incluye nuestro men\u00fa de catering<\/h2>\n\n\n\n<p class=\"has-text-align-center\"><strong>Nuestro men\u00fa de catering en Madrid est\u00e1 dise\u00f1ado para ofrecer una experiencia completa con platos aut\u00e9nticos de cocina india, preparados al momento y adaptados a cada tipo de evento.<\/strong><\/p>\n<\/div>\n<\/div>\n\n\n\n<ul class=\"wp-block-list\">\n<li>Entrantes variados de cocina india<\/li>\n\n\n\n<li>Platos principales vegetarianos y no vegetarianos<\/li>\n\n\n\n<li>Arroces y acompa\u00f1amientos<\/li>\n\n\n\n<li>Pan naan reci\u00e9n preparado<\/li>\n\n\n\n<li>Postres tradicionales<\/li>\n<\/ul>\n\n\n\n<p class=\"has-ast-global-color-3-color has-text-color has-link-color wp-elements-573dc63e82bc7675be4816cbf29b7653\"><a href=\"\/en\/catering-en-casa-madrid\/\" title=\"Si quieres contratar el servicio completo, puedes ver nuestro catering en casa en Madrid\">Si quieres contratar el servicio completo, puedes ver nuestro catering en casa en Madrid<\/a>.<\/p>\n\n<\/div>\n\n<\/div>\n\n\n\n<div class=\"wp-block-columns is-layout-flex wp-container-core-columns-is-layout-28f84493 wp-block-columns-is-layout-flex\">\n<div class=\"wp-block-column has-background is-layout-flow wp-block-column-is-layout-flow\" style=\"border-top-left-radius:31px;border-top-right-radius:31px;border-bottom-left-radius:31px;border-bottom-right-radius:31px;background-color:#f5f5f5\">\n<h2 class=\"wp-block-heading has-text-align-center\"> Entrantes<\/h2>\n\n\n\n<figure data-spectra-id=\"spectra-mngo1b7a-3n7s6q\" class=\"wp-block-image alignfull size-full has-custom-border\"><img decoding=\"async\" width=\"800\" height=\"533\" src=\"https:\/\/afzal-kitchen.es\/wp-content\/uploads\/2026\/04\/entrantes-catering-eventos-madrid.webp\" alt=\"Entrantes variados para catering en casa y eventos en Madrid con samosas, pakoras y chutneys\" class=\"wp-image-4729\" srcset=\"https:\/\/afzal-kitchen.es\/wp-content\/uploads\/2026\/04\/entrantes-catering-eventos-madrid.webp 800w, https:\/\/afzal-kitchen.es\/wp-content\/uploads\/2026\/04\/entrantes-catering-eventos-madrid-300x200.webp 300w, https:\/\/afzal-kitchen.es\/wp-content\/uploads\/2026\/04\/entrantes-catering-eventos-madrid-768x512.webp 768w\" sizes=\"(max-width: 800px) 100vw, 800px\" \/><\/figure>\n\n\n\n<p class=\"has-text-align-center\">Papadum<br>Finas l\u00e1minas crujientes con chutney de menta y mango<\/p>\n\n\n\n<p class=\"has-text-align-center\"><strong>Vegetable Pakora<\/strong><br>Verduras rebozadas en harina de garbanzo<\/p>\n\n\n\n<p class=\"has-text-align-center\"><strong>Aloo Tikki<\/strong><br>Tortitas de patata con especias y chutney<\/p>\n\n\n\n<p class=\"has-text-align-center\"><strong>Paneer Pakora<\/strong><br>Queso paneer rebozado y frito crujiente<\/p>\n\n\n\n<p class=\"has-text-align-center\"><strong>Vegetable Samosa<\/strong><br>Empanadilla rellena de patata y verduras<\/p>\n\n\n\n<p class=\"has-text-align-center\"><strong>Onion Bhaji<\/strong><br>Aros de cebolla fritos y crujientes<\/p>\n\n\n\n<p class=\"has-text-align-center\"><strong>Prawn Pakora<\/strong><br>Gambas rebozadas al estilo indio<\/p>\n\n\n\n<p class=\"has-text-align-center\"><strong>Chicken Samosa<\/strong><br>Empanadilla rellena de pollo especiado<\/p>\n\n\n\n<p class=\"has-text-align-center\"><strong>Chicken Pakora<\/strong><br>Pollo frito con jengibre y especias<\/p>\n\n\n\n<p class=\"has-text-align-center\"><strong>Paneer Tikka<\/strong><br>Queso marinado en yogur y asado al tandoor<\/p>\n\n\n\n<p class=\"has-text-align-center\">Elige tu men\u00fa de catering en casa en Madrid y solicita tu presupuesto r\u00e1pido por WhatsApp.<\/p>\n\n\n<div data-spectra-id=\"spectra-moeiyqvc-19z7lu\" class=\"wp-block-button spectra-buttons wp-block-spectra-buttons\">\n\t\n<a data-spectra-id=\"spectra-moeiyr9c-whidrn\" href=\"https:\/\/wa.me\/34631765559\" target=\"_self\" aria-label=\"Pedir men\u00fa de catering en Madrid por WhatsApp\" style=\"--spectra-background-color: vivid-green-cyan\" class=\"wp-block-button__link wp-element-button spectra-background-color wp-block-spectra-button has-background has-vivid-green-cyan-background-color\">\n<div class=\"spectra-button__link\">Pedir men\u00fa de catering en Madrid por WhatsApp<\/div><\/a>\n\n<\/div>\n<\/div>\n<\/div>\n\n\n\n<div class=\"wp-block-columns has-background is-layout-flex wp-container-core-columns-is-layout-28f84493 wp-block-columns-is-layout-flex\" style=\"border-top-left-radius:30px;border-top-right-radius:30px;border-bottom-left-radius:30px;border-bottom-right-radius:30px;background-color:#f5f5f5\">\n<div class=\"wp-block-column is-layout-flow wp-block-column-is-layout-flow\">\n<h2 class=\"wp-block-heading alignfull has-text-align-center\" id=\"platos-principales\">Platos principales<\/h2>\n\n\n\n<figure data-spectra-id=\"spectra-mnhc8xtw-t69oy1\" class=\"wp-block-image alignfull size-full has-custom-border\"><img decoding=\"async\" width=\"800\" height=\"533\" src=\"https:\/\/afzal-kitchen.es\/wp-content\/uploads\/2026\/04\/platos-principales-vegetarianos-madrid.webp\" alt=\"Platos principales vegetarianos para catering en casa y eventos en Madrid con diferentes opciones de curry\" class=\"wp-image-4732\" srcset=\"https:\/\/afzal-kitchen.es\/wp-content\/uploads\/2026\/04\/platos-principales-vegetarianos-madrid.webp 800w, https:\/\/afzal-kitchen.es\/wp-content\/uploads\/2026\/04\/platos-principales-vegetarianos-madrid-300x200.webp 300w, https:\/\/afzal-kitchen.es\/wp-content\/uploads\/2026\/04\/platos-principales-vegetarianos-madrid-768x512.webp 768w\" sizes=\"(max-width: 800px) 100vw, 800px\" \/><\/figure>\n\n\n\n<h3 class=\"wp-block-heading has-text-align-center\"> Vegetarianos<\/h3>\n\n\n\n<p class=\"has-text-align-center\"><strong>Dal Tadka<\/strong><br>Lentejas amarillas con mantequilla y especias<\/p>\n\n\n\n<p class=\"has-text-align-center\"><strong>Malai Kofta<\/strong><br>Alb\u00f3ndigas de patata en salsa cremosa<\/p>\n\n\n\n<p class=\"has-text-align-center\"><strong>Vegetable Jalfrezi<\/strong><br>Verduras salteadas con especias<\/p>\n\n\n\n<p class=\"has-text-align-center\"><strong>Paneer Butter Masala<\/strong><br>Queso fresco en salsa cremosa de tomate<\/p>\n\n\n\n<p class=\"has-text-align-center\"><strong>Palak Paneer<\/strong><br>Queso con espinacas y ajo<\/p>\n\n\n\n<p class=\"has-text-align-center\"><strong>Chana Masala<\/strong><br>Garbanzos con tomate y especias<\/p>\n\n\n\n<h3 class=\"wp-block-heading has-text-align-center\">Pollo<\/h3>\n\n\n\n<p class=\"has-text-align-center\"><strong>Butter Chicken<\/strong><br>Pollo en salsa cremosa de tomate<\/p>\n\n\n\n<p class=\"has-text-align-center\"><strong>Chicken Tikka Masala<\/strong><br>Pollo especiado al estilo tandoor<\/p>\n\n\n\n<p class=\"has-text-align-center\"><strong>Korma Chicken<\/strong><br>Pollo suave con almendra<\/p>\n\n\n\n<h3 class=\"wp-block-heading has-text-align-center\">Ternera y pescado<\/h3>\n\n\n\n<figure data-spectra-id=\"spectra-mnhd1pxd-ha5nai\" class=\"wp-block-image alignfull size-full has-custom-border\"><img loading=\"lazy\" decoding=\"async\" width=\"800\" height=\"533\" src=\"https:\/\/afzal-kitchen.es\/wp-content\/uploads\/2026\/04\/buffet-catering-eventos-casa-madrid.webp\" alt=\"Buffet de catering en casa para eventos en Madrid con platos principales y acompa\u00f1amientos\" class=\"wp-image-4734\" srcset=\"https:\/\/afzal-kitchen.es\/wp-content\/uploads\/2026\/04\/buffet-catering-eventos-casa-madrid.webp 800w, https:\/\/afzal-kitchen.es\/wp-content\/uploads\/2026\/04\/buffet-catering-eventos-casa-madrid-300x200.webp 300w, https:\/\/afzal-kitchen.es\/wp-content\/uploads\/2026\/04\/buffet-catering-eventos-casa-madrid-768x512.webp 768w\" sizes=\"(max-width: 800px) 100vw, 800px\" \/><\/figure>\n\n\n\n<p class=\"has-text-align-center\"><strong>Ternera Rogan Josh<\/strong><br>Ternera con yogur y especias<\/p>\n\n\n\n<p class=\"has-text-align-center\"><strong>Ternera Madras<\/strong><br>Curry picante del sur de India<\/p>\n\n\n\n<p class=\"has-text-align-center\"><strong>Fish Curry<\/strong><br>Pescado en salsa de coco<\/p>\n\n\n\n<p class=\"has-text-align-center\">Pide tu men\u00fa de catering en Madrid por WhatsApp<\/p>\n\n\n<div data-spectra-id=\"spectra-moej2yga-uh52fx\" class=\"wp-block-button spectra-buttons wp-block-spectra-buttons\">\n\t\n<a data-spectra-id=\"spectra-moej2ywk-xx7anc\" style=\"--spectra-background-color: vivid-green-cyan\" class=\"wp-block-button__link wp-element-button spectra-background-color wp-block-spectra-button has-background has-vivid-green-cyan-background-color\">\n<div class=\"spectra-button__link\">Pedir men\u00fa de catering en Madrid por WhatsApp<\/div><\/a>\n\n<\/div>\n<\/div>\n<\/div>\n\n\n\n<div class=\"wp-block-columns has-background is-layout-flex wp-container-core-columns-is-layout-28f84493 wp-block-columns-is-layout-flex\" style=\"border-top-left-radius:30px;border-top-right-radius:30px;border-bottom-left-radius:30px;border-bottom-right-radius:30px;background-color:#f5f5f5\">\n<div class=\"wp-block-column is-layout-flow wp-block-column-is-layout-flow\">\n<h2 class=\"wp-block-heading has-text-align-center\"><strong>Arroces<\/strong><\/h2>\n\n\n\n<p class=\"has-text-align-center\"><strong>Basmati Rice<\/strong><br>Arroz largo arom\u00e1tico al vapor<\/p>\n\n\n\n<p class=\"has-text-align-center\"><strong>Arroz con verduras y frutos secos<\/strong><br>Arroz especiado con verduras y frutos secos<\/p>\n\n\n\n<p class=\"has-text-align-center\"><strong>Lemon Rice<\/strong><br>Arroz con lim\u00f3n, mostaza y hojas de curry<\/p>\n\n\n\n<p class=\"has-text-align-center\"><strong>Jeera Rice<\/strong><br>Arroz con comino y mantequilla<\/p>\n<\/div>\n<\/div>\n\n\n\n<div class=\"wp-block-columns has-background is-layout-flex wp-container-core-columns-is-layout-28f84493 wp-block-columns-is-layout-flex\" style=\"border-top-left-radius:30px;border-top-right-radius:30px;border-bottom-left-radius:30px;border-bottom-right-radius:30px;background-color:#f5f5f5\">\n<div class=\"wp-block-column is-layout-flow wp-block-column-is-layout-flow\">\n<h2 class=\"wp-block-heading has-text-align-center\"><strong>Pan indio (naan)<\/strong><\/h2>\n\n\n\n<p class=\"has-text-align-center\"><strong>Naan Cl\u00e1sico<\/strong><br>Pan tradicional indio, tierno y horneado en tandoor<\/p>\n\n\n\n<p class=\"has-text-align-center\"><strong>Cheese Naan<\/strong><br>Pan relleno de queso fundido<\/p>\n\n\n\n<p class=\"has-text-align-center\"><strong>Garlic Naan<\/strong><br>Pan indio con ajo fresco y mantequilla<\/p>\n\n\n\n<p class=\"has-text-align-center\"><strong>Butter Naan<\/strong><br>Pan suave pincelado con mantequilla fundida<\/p>\n<\/div>\n<\/div>\n\n\n\n<div class=\"wp-block-columns is-layout-flex wp-container-core-columns-is-layout-28f84493 wp-block-columns-is-layout-flex\">\n<div class=\"wp-block-column has-background is-layout-flow wp-block-column-is-layout-flow\" style=\"border-top-left-radius:30px;border-top-right-radius:30px;border-bottom-left-radius:30px;border-bottom-right-radius:30px;background-color:#f5f5f5\">\n<h2 class=\"wp-block-heading has-text-align-center\">Postres<\/h2>\n\n\n\n<figure data-spectra-id=\"spectra-mnhe88qj-9v9jfr\" class=\"wp-block-image alignfull size-full has-custom-border\"><img loading=\"lazy\" decoding=\"async\" width=\"800\" height=\"533\" src=\"https:\/\/afzal-kitchen.es\/wp-content\/uploads\/2026\/04\/arroces-naan-postres-menu-catering-madrid.webp\" alt=\"Arroces, naan y postres para catering en casa en Madrid con opciones dulces y tradicionales\" class=\"wp-image-4738\" srcset=\"https:\/\/afzal-kitchen.es\/wp-content\/uploads\/2026\/04\/arroces-naan-postres-menu-catering-madrid.webp 800w, https:\/\/afzal-kitchen.es\/wp-content\/uploads\/2026\/04\/arroces-naan-postres-menu-catering-madrid-300x200.webp 300w, https:\/\/afzal-kitchen.es\/wp-content\/uploads\/2026\/04\/arroces-naan-postres-menu-catering-madrid-768x512.webp 768w\" sizes=\"(max-width: 800px) 100vw, 800px\" \/><\/figure>\n\n\n\n<p class=\"has-text-align-center\"><strong>Gulab Jamun<\/strong><br>Bolitas dulces fritas en alm\u00edbar arom\u00e1tico<\/p>\n\n\n\n<p class=\"has-text-align-center\"><strong>Gajar Halwa<\/strong><br>Postre tradicional de zanahoria cocinada lentamente con leche, az\u00facar y ghee<\/p>\n\n\n\n<p class=\"has-text-align-center\"><strong>Kheer<\/strong><br>Arroz con leche al estilo indio, con cardamomo y frutos secos<\/p>\n<\/div>\n<\/div>\n\n\n\n<div class=\"wp-block-columns has-background is-layout-flex wp-container-core-columns-is-layout-28f84493 wp-block-columns-is-layout-flex\" style=\"border-top-left-radius:30px;border-top-right-radius:30px;border-bottom-left-radius:30px;border-bottom-right-radius:30px;background-color:#f5f5f5\">\n<div class=\"wp-block-column is-layout-flow wp-block-column-is-layout-flow\">\n<h2 class=\"wp-block-heading has-text-align-center\">\u00bfQuieres tu men\u00fa de catering en Madrid?<\/h2>\n\n\n\n<p class=\"has-text-align-center\">Te ayudamos a elegir el men\u00fa perfecto para tu evento en Madrid con opciones personalizadas y atenci\u00f3n r\u00e1pida por WhatsApp.<\/p>\n\n\n\n<p class=\"has-text-align-center has-ast-global-color-3-color has-text-color has-link-color wp-elements-5d0835703232055db2320d5e0edbc928\"><a href=\"\/en\/catering-en-casa-madrid\/\" title=\"Si quieres el servicio completo, puedes ver nuestro catering en casa en Madrid.\">Si quieres el servicio completo, puedes ver nuestro catering en casa en Madrid.<\/a><\/p>\n\n\n<div data-spectra-id=\"spectra-mnf056vh-nfec87\" class=\"wp-block-button spectra-buttons wp-block-spectra-buttons\">\n\t\n<a data-spectra-id=\"spectra-mnf0577w-h0v0q6\" href=\"https:\/\/wa.me\/34632250441?text=Hola,%20quiero%20pedir%20presupuesto%20para%20un%20evento%20en%20casa%20en%20Madrid\" target=\"_self\" aria-label=\"Pedir men\u00fa de catering en Madrid por WhatsApp\" style=\"--spectra-background-color: vivid-green-cyan\" class=\"wp-block-button__link wp-element-button spectra-background-color wp-block-spectra-button has-background has-vivid-green-cyan-background-color\">\n<div class=\"spectra-button__link\">Pedir men\u00fa de catering en Madrid por WhatsApp<\/div><\/a>\n\n<\/div>\n<\/div>\n<\/div>","protected":false},"excerpt":{"rendered":"<p>Entrantes PapadumFinas l\u00e1minas crujientes con chutney de menta y mango Vegetable PakoraVerduras rebozadas en harina de garbanzo Aloo TikkiTortitas de patata con especias y chutney Paneer PakoraQueso paneer rebozado y frito crujiente Vegetable SamosaEmpanadilla rellena de patata y verduras Onion BhajiAros de cebolla fritos y crujientes Prawn PakoraGambas rebozadas al estilo indio Chicken SamosaEmpanadilla rellena [&hellip;]<\/p>\n","protected":false},"author":1,"featured_media":0,"parent":0,"menu_order":0,"comment_status":"closed","ping_status":"closed","template":"","meta":{"_uag_custom_page_level_css":"","site-sidebar-layout":"no-sidebar","site-content-layout":"plain-container","ast-site-content-layout":"normal-width-container","site-content-style":"unboxed","site-sidebar-style":"unboxed","ast-global-header-display":"","ast-banner-title-visibility":"","ast-main-header-display":"","ast-hfb-above-header-display":"","ast-hfb-below-header-display":"","ast-hfb-mobile-header-display":"","site-post-title":"disabled","ast-breadcrumbs-content":"","ast-featured-img":"disabled","footer-sml-layout":"","ast-disable-related-posts":"","theme-transparent-header-meta":"enabled","adv-header-id-meta":"","stick-header-meta":"","header-above-stick-meta":"","header-main-stick-meta":"","header-below-stick-meta":"","astra-migrate-meta-layouts":"set","ast-page-background-enabled":"default","ast-page-background-meta":{"desktop":{"background-color":"","background-image":"","background-repeat":"repeat","background-position":"center center","background-size":"auto","background-attachment":"scroll","background-type":"","background-media":"","overlay-type":"","overlay-color":"","overlay-opacity":"","overlay-gradient":""},"tablet":{"background-color":"","background-image":"","background-repeat":"repeat","background-position":"center center","background-size":"auto","background-attachment":"scroll","background-type":"","background-media":"","overlay-type":"","overlay-color":"","overlay-opacity":"","overlay-gradient":""},"mobile":{"background-color":"","background-image":"","background-repeat":"repeat","background-position":"center center","background-size":"auto","background-attachment":"scroll","background-type":"","background-media":"","overlay-type":"","overlay-color":"","overlay-opacity":"","overlay-gradient":""}},"ast-content-background-meta":{"desktop":{"background-color":"var(--ast-global-color-5)","background-image":"","background-repeat":"repeat","background-position":"center center","background-size":"auto","background-attachment":"scroll","background-type":"","background-media":"","overlay-type":"","overlay-color":"","overlay-opacity":"","overlay-gradient":""},"tablet":{"background-color":"var(--ast-global-color-5)","background-image":"","background-repeat":"repeat","background-position":"center center","background-size":"auto","background-attachment":"scroll","background-type":"","background-media":"","overlay-type":"","overlay-color":"","overlay-opacity":"","overlay-gradient":""},"mobile":{"background-color":"var(--ast-global-color-5)","background-image":"","background-repeat":"repeat","background-position":"center center","background-size":"auto","background-attachment":"scroll","background-type":"","background-media":"","overlay-type":"","overlay-color":"","overlay-opacity":"","overlay-gradient":""}},"footnotes":""},"class_list":["post-370","page","type-page","status-publish","hentry"],"aioseo_notices":[],"uagb_featured_image_src":{"full":false,"thumbnail":false,"medium":false,"medium_large":false,"large":false,"1536x1536":false,"2048x2048":false,"trp-custom-language-flag":false},"uagb_author_info":{"display_name":"chef.afzal.kitchen@gmail.com","author_link":"https:\/\/afzal-kitchen.es\/en\/author\/chef-afzal-kitchengmail-com\/"},"uagb_comment_info":0,"uagb_excerpt":"Entrantes PapadumFinas l\u00e1minas crujientes con chutney de menta y mango Vegetable PakoraVerduras rebozadas en harina de garbanzo Aloo TikkiTortitas de patata con especias y chutney Paneer PakoraQueso paneer rebozado y frito crujiente Vegetable SamosaEmpanadilla rellena de patata y verduras Onion BhajiAros de cebolla fritos y crujientes Prawn PakoraGambas rebozadas al estilo indio Chicken SamosaEmpanadilla rellena&hellip;","_links":{"self":[{"href":"https:\/\/afzal-kitchen.es\/en\/wp-json\/wp\/v2\/pages\/370","targetHints":{"allow":["GET"]}}],"collection":[{"href":"https:\/\/afzal-kitchen.es\/en\/wp-json\/wp\/v2\/pages"}],"about":[{"href":"https:\/\/afzal-kitchen.es\/en\/wp-json\/wp\/v2\/types\/page"}],"author":[{"embeddable":true,"href":"https:\/\/afzal-kitchen.es\/en\/wp-json\/wp\/v2\/users\/1"}],"replies":[{"embeddable":true,"href":"https:\/\/afzal-kitchen.es\/en\/wp-json\/wp\/v2\/comments?post=370"}],"version-history":[{"count":107,"href":"https:\/\/afzal-kitchen.es\/en\/wp-json\/wp\/v2\/pages\/370\/revisions"}],"predecessor-version":[{"id":5757,"href":"https:\/\/afzal-kitchen.es\/en\/wp-json\/wp\/v2\/pages\/370\/revisions\/5757"}],"wp:attachment":[{"href":"https:\/\/afzal-kitchen.es\/en\/wp-json\/wp\/v2\/media?parent=370"}],"curies":[{"name":"wp","href":"https:\/\/api.w.org\/{rel}","templated":true}]}}