{"id":368,"date":"2026-03-26T14:26:07","date_gmt":"2026-03-26T13:26:07","guid":{"rendered":"https:\/\/afzal-kitchen.es\/about-us\/"},"modified":"2026-05-05T21:00:59","modified_gmt":"2026-05-05T20:00:59","slug":"chef-privado-madrid","status":"publish","type":"page","link":"https:\/\/afzal-kitchen.es\/en\/chef-privado-madrid\/","title":{"rendered":"Chef Privado Madrid"},"content":{"rendered":"<div class=\"wp-block-columns alignfull has-background is-layout-flex wp-container-core-columns-is-layout-28f84493 wp-block-columns-is-layout-flex\" style=\"border-top-left-radius:50px;border-top-right-radius:50px;border-bottom-left-radius:50px;border-bottom-right-radius:50px;background-color:#f5f5f5\">\n<div class=\"wp-block-column is-layout-flow wp-block-column-is-layout-flow\">\n<h1 class=\"wp-block-heading alignfull has-text-align-center has-x-large-font-size\">Chef privado en Madrid para cenas y eventos privados<\/h1>\n\n\n\n<p class=\"has-text-align-center has-ast-global-color-3-color has-text-color has-link-color has-medium-font-size wp-elements-b1fdd4b78db7a24882a07f367e4d29c3\">Disfruta de un chef privado en Madrid en tu casa con una experiencia gastron\u00f3mica \u00fanica. Creamos men\u00fas personalizados de cocina india para cenas privadas, ocasiones especiales y eventos exclusivos.<\/p>\n\n\n\n<p class=\"has-text-align-center has-ast-global-color-3-color has-text-color has-link-color wp-elements-5b44e3019601fc9a69e17b3c1c914988\"><a href=\"\/en\/catering-en-casa-madrid\/\" title=\"Si prefieres un servicio m\u00e1s completo, puedes ver nuestro catering en casa en Madrid.\">Si prefieres un servicio m\u00e1s completo, puedes ver nuestro catering en casa en Madrid.<\/a><\/p>\n\n\n<div data-spectra-id=\"spectra-mn7ojzp3-sx9016\" class=\"wp-block-button spectra-buttons wp-block-spectra-buttons\">\n\t\n<a data-spectra-id=\"spectra-mn7ok0e3-3fu64y\" href=\"https:\/\/wa.me\/34631765559?text=Hola%2C%20quiero%20reservar%20un%20chef%20privado%20en%20Madrid%20para%20una%20cena%20o%20evento.%20%C2%BFPodr%C3%ADas%20enviarme%20opciones%20de%20men%C3%BA%20y%20precios%3F\" target=\"_self\" aria-label=\"Reserva tu chef privado en Madrid por WhatsApp\" style=\"--spectra-background-color: vivid-green-cyan\" class=\"wp-block-button__link wp-element-button spectra-background-color wp-block-spectra-button has-background has-vivid-green-cyan-background-color\">\n<div class=\"spectra-button__link\">Reserva tu chef privado en Madrid por WhatsApp<\/div><\/a>\n\n\n<a data-spectra-id=\"spectra-mnos3hwa-5xd4r9\" href=\"https:\/\/afzal-kitchen.es\/en\/menu\/\" target=\"_self\" aria-label=\"Ver men\u00fa\" style=\"--spectra-text-color: ast-global-color-1\" class=\"wp-block-button__link wp-element-button spectra-text-color wp-elements-391833fdcc2df0e341398adf20d80537 wp-block-spectra-button has-text-color has-ast-global-color-1-color\">\n<div class=\"spectra-button__link\">Ver men\u00fa<\/div><\/a>\n\n<\/div>\n<\/div>\n\n\n\n<div class=\"wp-block-column is-layout-flow wp-block-column-is-layout-flow\">\n<figure data-spectra-id=\"spectra-mn8z23w8-p4k01h\" class=\"wp-block-image alignfull size-full\"><img fetchpriority=\"high\" decoding=\"async\" width=\"768\" height=\"512\" src=\"https:\/\/afzal-kitchen.es\/wp-content\/uploads\/2026\/03\/chef-privado-madrid-cena-en-casa-2.webp\" alt=\"Chef privado en Madrid preparando cena en casa\" class=\"wp-image-4503\" srcset=\"https:\/\/afzal-kitchen.es\/wp-content\/uploads\/2026\/03\/chef-privado-madrid-cena-en-casa-2.webp 768w, https:\/\/afzal-kitchen.es\/wp-content\/uploads\/2026\/03\/chef-privado-madrid-cena-en-casa-2-300x200.webp 300w\" sizes=\"(max-width: 768px) 100vw, 768px\" \/><\/figure>\n<\/div>\n<\/div>\n\n\n\n<div class=\"wp-block-columns is-layout-flex wp-container-core-columns-is-layout-28f84493 wp-block-columns-is-layout-flex\" style=\"border-top-left-radius:50px;border-top-right-radius:50px;border-bottom-left-radius:50px;border-bottom-right-radius:50px\">\n<div class=\"wp-block-column has-background is-layout-flow wp-block-column-is-layout-flow\" style=\"border-top-left-radius:20px;border-top-right-radius:20px;border-bottom-left-radius:20px;border-bottom-right-radius:20px;background-color:#f5f5f5\">\n<h2 class=\"wp-block-heading has-text-align-center\">Experiencia de chef privado en Madrid en tu casa<\/h2>\n\n\n\n<p class=\"has-text-align-center has-ast-global-color-3-color has-text-color has-link-color has-medium-font-size wp-elements-b2159ddf3aa3ee971ff07dc7bb533490\">Disfruta de una experiencia gastron\u00f3mica exclusiva con un chef privado en Madrid. Nos encargamos de todo para que vivas una cena \u00fanica en tu casa con cocina india aut\u00e9ntica y men\u00fa personalizado.<\/p>\n\n\n\n<figure data-spectra-id=\"spectra-mnkpkqfy-53yt42\" class=\"wp-block-image alignfull size-full has-custom-border\"><img decoding=\"async\" width=\"800\" height=\"533\" src=\"https:\/\/afzal-kitchen.es\/wp-content\/uploads\/2026\/04\/catering-en-casa-madrid-comida-india-real.webp\" alt=\"catering en casa en Madrid con comida india preparada por chef privado\" class=\"wp-image-4922\" srcset=\"https:\/\/afzal-kitchen.es\/wp-content\/uploads\/2026\/04\/catering-en-casa-madrid-comida-india-real.webp 800w, https:\/\/afzal-kitchen.es\/wp-content\/uploads\/2026\/04\/catering-en-casa-madrid-comida-india-real-300x200.webp 300w, https:\/\/afzal-kitchen.es\/wp-content\/uploads\/2026\/04\/catering-en-casa-madrid-comida-india-real-768x512.webp 768w\" sizes=\"(max-width: 800px) 100vw, 800px\" \/><\/figure>\n\n\n\n<div class=\"wp-block-columns is-layout-flex wp-container-core-columns-is-layout-28f84493 wp-block-columns-is-layout-flex\">\n<div class=\"wp-block-column is-layout-flow wp-block-column-is-layout-flow\">\n<ul class=\"wp-block-list\">\n<li>Cenas privadas en casa<\/li>\n\n\n\n<li> Cenas rom\u00e1nticas<\/li>\n\n\n\n<li> Eventos especiales<\/li>\n\n\n\n<li> Celebraciones familiares<\/li>\n<\/ul>\n\n\n\n<p class=\"has-text-align-center has-ast-global-color-3-color has-text-color has-link-color wp-elements-e7b4c42ccde57ef164431016e9879158\"><a href=\"\/en\/catering-en-casa-madrid\/\" title=\"Si buscas una opci\u00f3n m\u00e1s pr\u00e1ctica, puedes ver nuestro catering en casa en Madrid.\">Si buscas una opci\u00f3n m\u00e1s pr\u00e1ctica, puedes ver nuestro catering en casa en Madrid.<\/a><\/p>\n\n\n<div data-spectra-id=\"spectra-moomrl04-uscdk4\" class=\"wp-block-button spectra-buttons wp-block-spectra-buttons\">\n\t\n<a data-spectra-id=\"spectra-moomrlkm-k65mzt\" href=\"https:\/\/wa.me\/34631765559?text=Hola%2C%20quiero%20reservar%20un%20chef%20privado%20en%20Madrid%20para%20una%20cena%20o%20evento.%20%C2%BFPodr%C3%ADas%20enviarme%20opciones%20de%20men%C3%BA%20y%20precios%3F\" target=\"_self\" aria-label=\"Reserva tu chef privado en Madrid por WhatsApp\" style=\"--spectra-background-color: vivid-green-cyan\" class=\"wp-block-button__link wp-element-button spectra-background-color wp-block-spectra-button has-background has-vivid-green-cyan-background-color\">\n<div class=\"spectra-button__link\">Reserva tu chef privado en Madrid por WhatsApp<\/div><\/a>\n\n<\/div>\n<\/div>\n<\/div>\n<\/div>\n<\/div>\n\n\n<div data-spectra-id=\"spectra-mn7pyjyv-4ljw8i\"\tstyle=\"overflow: visible; --spectra-background-color: #f5f5f5;\" class=\"spectra-is-root-container alignfull spectra-overlay-color spectra-overflow spectra-background-color wp-block-spectra-container\" data-orientation=\"vertical\"\t>\n\t\n\n<h2 class=\"wp-block-heading has-text-align-center\">Qu\u00e9 incluye tu experiencia de chef privado en Madrid<\/h2>\n\n\n\n<p class=\"has-text-align-center has-ast-global-color-3-color has-text-color has-link-color has-medium-font-size wp-elements-4fd4128c81ea6d21ca31097b41530ec4\"><strong>Nuestro servicio de chef privado en Madrid est\u00e1 pensado para que disfrutes de una experiencia completa en tu casa, sin preocuparte por la cocina y con un men\u00fa totalmente personalizado.<\/strong><\/p>\n\n\n\n<ul class=\"wp-block-list\">\n<li>Men\u00fa personalizado de cocina india<\/li>\n\n\n\n<li>Preparaci\u00f3n en tu casa con chef profesional<\/li>\n\n\n\n<li>Opciones vegetarianas y no vegetarianas<\/li>\n\n\n\n<li>Servicio adaptado a tu tipo de evento<\/li>\n\n\n\n<li>Atenci\u00f3n r\u00e1pida y reserva sencilla por WhatsApp<\/li>\n<\/ul>\n\n\n\n<p class=\"has-text-align-center has-ast-global-color-3-color has-text-color has-link-color has-medium-font-size wp-elements-3ac8a938644d320312a907dfdf3f870b\"><a href=\"\/en\/catering-en-casa-madrid\/\" title=\"Si prefieres una opci\u00f3n m\u00e1s sencilla, puedes ver nuestro catering en casa en Madrid.\">Si prefieres una opci\u00f3n m\u00e1s sencilla, puedes ver nuestro catering en casa en Madrid.<\/a><\/p>\n\n\n<div data-spectra-id=\"spectra-mnlnk9hf-219t08\" class=\"wp-block-button spectra-buttons wp-block-spectra-buttons\">\n\t\n<a data-spectra-id=\"spectra-mnlnka8y-jwqhy1\" href=\"https:\/\/wa.me\/34631765559?text=Hola%2C%20quiero%20reservar%20un%20chef%20privado%20en%20Madrid%20para%20una%20cena%20o%20evento.%20%C2%BFPodr%C3%ADas%20enviarme%20opciones%20de%20men%C3%BA%20y%20precios%3F\" target=\"_self\" aria-label=\"Pide tu chef privado en Madrid por WhatsApp\" style=\"--spectra-background-color: vivid-green-cyan\" class=\"wp-block-button__link wp-element-button spectra-background-color wp-block-spectra-button has-background has-vivid-green-cyan-background-color\">\n<div class=\"spectra-button__link\">Pide tu chef privado en Madrid por WhatsApp<\/div><\/a>\n\n<\/div>\n\n<\/div>\n\n\n<div data-spectra-id=\"spectra-mn7qemcr-tigfea\"\tstyle=\"overflow: visible;\" class=\"spectra-is-root-container alignfull spectra-overlay-color spectra-overflow wp-block-spectra-container\" data-orientation=\"vertical\"\t>\n\t\n\n<h2 class=\"wp-block-heading has-text-align-center has-ast-global-color-0-background-color has-background\">C\u00f3mo funciona el servicio de chef privado en Madrid<\/h2>\n\n<\/div>\n\n\n\n<div class=\"wp-block-columns has-background is-layout-flex wp-container-core-columns-is-layout-28f84493 wp-block-columns-is-layout-flex\" style=\"border-top-left-radius:20px;border-top-right-radius:20px;border-bottom-left-radius:20px;border-bottom-right-radius:20px;background-color:#f5f5f5\">\n<div class=\"wp-block-column is-vertically-aligned-center is-layout-flow wp-block-column-is-layout-flow\" style=\"flex-basis:100%\">\n<p class=\"has-text-align-center has-ast-global-color-3-color has-text-color has-link-color has-medium-font-size wp-elements-14ff61c18718c2ffa53e2a0a398461ab\">Contratar un chef privado en Madrid es un proceso sencillo y pensado para que disfrutes de una experiencia exclusiva sin complicaciones.<\/p>\n\n\n\n<figure data-spectra-id=\"spectra-mnkrigia-y87gtb\" class=\"wp-block-image alignfull size-full\"><img decoding=\"async\" width=\"800\" height=\"533\" src=\"https:\/\/afzal-kitchen.es\/wp-content\/uploads\/2026\/04\/chef-privado-eventos-casa-madrid-comida-india.webp\" alt=\"chef privado en Madrid para eventos en casa con comida india\" class=\"wp-image-4942\" srcset=\"https:\/\/afzal-kitchen.es\/wp-content\/uploads\/2026\/04\/chef-privado-eventos-casa-madrid-comida-india.webp 800w, https:\/\/afzal-kitchen.es\/wp-content\/uploads\/2026\/04\/chef-privado-eventos-casa-madrid-comida-india-300x200.webp 300w, https:\/\/afzal-kitchen.es\/wp-content\/uploads\/2026\/04\/chef-privado-eventos-casa-madrid-comida-india-768x512.webp 768w\" sizes=\"(max-width: 800px) 100vw, 800px\" \/><\/figure>\n\n\n\n<ul class=\"wp-block-list\">\n<li>Escr\u00edbenos por WhatsApp con los detalles de tu cena o evento<\/li>\n\n\n\n<li> Te proponemos un men\u00fa personalizado seg\u00fan tus preferencias<\/li>\n\n\n\n<li> Confirmas la reserva<\/li>\n\n\n\n<li> El chef se encarga de todo en tu casa el d\u00eda del evento<\/li>\n<\/ul>\n\n\n\n<p class=\"has-text-align-center has-ast-global-color-3-color has-text-color has-link-color wp-elements-8526e2e645e75af55fc5a79793269ef1\"><a href=\"\/en\/catering-en-casa-madrid\/\" title=\"Si buscas una opci\u00f3n m\u00e1s flexible, puedes ver nuestro catering en casa en Madrid.\">Si buscas una opci\u00f3n m\u00e1s flexible, puedes ver nuestro catering en casa en Madrid.<\/a><\/p>\n\n\n<div data-spectra-id=\"spectra-mnkorwwa-dp6qxz\" class=\"wp-block-button spectra-buttons wp-block-spectra-buttons\">\n\t\n<a data-spectra-id=\"spectra-mnkorxd0-1xdwhw\" href=\"https:\/\/wa.me\/34631765559?text=Hola%2C%20quiero%20reservar%20un%20chef%20privado%20en%20Madrid%20para%20una%20cena%20o%20evento.%20%C2%BFPodr%C3%ADas%20enviarme%20opciones%20de%20men%C3%BA%20y%20precios%3F\" target=\"_self\" aria-label=\"Reserva tu chef privado en Madrid por WhatsApp\" style=\"--spectra-background-color: vivid-green-cyan\" class=\"wp-block-button__link wp-element-button spectra-background-color wp-block-spectra-button has-background has-vivid-green-cyan-background-color\">\n<div class=\"spectra-button__link\">Reserva tu chef privado en Madrid por WhatsApp<\/div><\/a>\n\n<\/div>\n<\/div>\n<\/div>\n\n\n\n<div class=\"wp-block-columns has-ast-global-color-5-background-color has-background is-layout-flex wp-container-core-columns-is-layout-28f84493 wp-block-columns-is-layout-flex\" style=\"border-top-left-radius:30px;border-top-right-radius:30px;border-bottom-left-radius:30px;border-bottom-right-radius:30px\">\n<div class=\"wp-block-column is-layout-flow wp-block-column-is-layout-flow\" style=\"flex-basis:100%\">\n<div class=\"wp-block-columns is-layout-flex wp-container-core-columns-is-layout-28f84493 wp-block-columns-is-layout-flex\">\n<div class=\"wp-block-column is-layout-flow wp-block-column-is-layout-flow\">\n<h2 class=\"wp-block-heading alignfull has-text-align-center\">Reserva tu chef privado en Madrid para una experiencia \u00fanica<\/h2>\n\n\n\n<p class=\"has-text-align-center has-ast-global-color-3-color has-text-color has-link-color wp-elements-509102a38c5eac6ace10f63142d7e689\">Disfruta de una experiencia gastron\u00f3mica exclusiva en tu casa con un chef privado en Madrid. Ideal para cenas especiales, celebraciones y momentos \u00fanicos sin preocuparte por nada.<\/p>\n\n\n\n<p class=\"has-text-align-center has-ast-global-color-3-color has-text-color has-link-color wp-elements-32313629f152fad10ecc7fcccb5cb263\"><a href=\"\/en\/catering-en-casa-madrid\/\" title=\"Si prefieres una opci\u00f3n m\u00e1s sencilla, puedes ver nuestro catering en casa en Madrid.\">Si prefieres una opci\u00f3n m\u00e1s sencilla, puedes ver nuestro catering en casa en Madrid.<\/a><\/p>\n\n\n<div data-spectra-id=\"spectra-mooojhsp-tre3eu\" class=\"wp-block-button spectra-buttons wp-block-spectra-buttons\">\n\t\n<a data-spectra-id=\"spectra-moooji8g-1441ih\" href=\"https:\/\/wa.me\/34631765559?text=Hola%2C%20quiero%20reservar%20un%20chef%20privado%20en%20Madrid%20para%20una%20cena%20o%20evento.%20%C2%BFPodr%C3%ADas%20enviarme%20opciones%20de%20men%C3%BA%20y%20precios%3F\" target=\"_self\" aria-label=\"Reserva tu chef privado en Madrid por WhatsApp ahora\" style=\"--spectra-background-color: vivid-green-cyan\" class=\"wp-block-button__link wp-element-button spectra-background-color wp-block-spectra-button has-background has-vivid-green-cyan-background-color\">\n<div class=\"spectra-button__link\">Reserva tu chef privado en Madrid por WhatsApp ahora<\/div><\/a>\n\n<\/div>\n\n\n<div data-spectra-id=\"spectra-moed6ick-wrs79y\"\tstyle=\"overflow: visible; --spectra-background-color: var(--ast-global-color-0);\" class=\"spectra-is-root-container alignfull spectra-overlay-color spectra-overflow spectra-background-color wp-block-spectra-container\" data-orientation=\"vertical\"\t>\n\t\n\n<h2 class=\"wp-block-heading has-text-align-center\">Preguntas frecuentes sobre chef privado en Madrid<\/h2>\n\n\n\n<figure data-spectra-id=\"spectra-moed8zi7-de9dpo\" class=\"wp-block-image size-full\"><img loading=\"lazy\" decoding=\"async\" width=\"800\" height=\"533\" src=\"https:\/\/afzal-kitchen.es\/wp-content\/uploads\/2026\/04\/cena-en-casa-chef-privado-madrid-comida-india.webp\" alt=\"cena en casa con chef privado en Madrid comida india aut\u00e9ntica\" class=\"wp-image-4956\" srcset=\"https:\/\/afzal-kitchen.es\/wp-content\/uploads\/2026\/04\/cena-en-casa-chef-privado-madrid-comida-india.webp 800w, https:\/\/afzal-kitchen.es\/wp-content\/uploads\/2026\/04\/cena-en-casa-chef-privado-madrid-comida-india-300x200.webp 300w, https:\/\/afzal-kitchen.es\/wp-content\/uploads\/2026\/04\/cena-en-casa-chef-privado-madrid-comida-india-768x512.webp 768w\" sizes=\"(max-width: 800px) 100vw, 800px\" \/><\/figure>\n\n\n\n<p class=\"has-text-align-center\">\u00bfQu\u00e9 incluye el servicio de chef privado en Madrid?<br>Incluye men\u00fa personalizado, compra de ingredientes, preparaci\u00f3n en tu casa y servicio completo durante la experiencia.<\/p>\n\n\n\n<p class=\"has-text-align-center\">\u00bfPara cu\u00e1ntas personas es el servicio?<br>El servicio est\u00e1 pensado para parejas, familias y grupos peque\u00f1os que buscan una experiencia privada en casa<\/p>\n\n\n\n<p class=\"has-text-align-center\">\u00bfSe puede personalizar el men\u00fa?<br>S\u00ed, adaptamos el men\u00fa de cocina india seg\u00fan tus preferencias y tipo de evento.<\/p>\n\n\n\n<p class=\"has-text-align-center\">\u00bfOfrec\u00e9is cenas rom\u00e1nticas en casa en Madrid?<br>S\u00ed, organizamos cenas rom\u00e1nticas con chef privado y men\u00fa especial para una experiencia \u00fanica.<\/p>\n\n\n\n<p class=\"has-text-align-center\">\u00bfC\u00f3mo reservar un chef privado en Madrid?<br>Puedes reservar f\u00e1cilmente por WhatsApp y recibir una propuesta personalizada en menos de 1 hora.<\/p>\n\n\n\n<p class=\"has-ast-global-color-3-color has-text-color has-link-color wp-elements-c2828b68e3823c7109c10f8e9ffe5258\"><a href=\"\/en\/catering-en-casa-madrid\/\" title=\"Si prefieres una opci\u00f3n m\u00e1s sencilla, puedes ver nuestro catering en casa en Madrid\">Si prefieres una opci\u00f3n m\u00e1s sencilla, puedes ver nuestro catering en casa en Madrid<\/a>.<\/p>\n\n\n<div data-spectra-id=\"spectra-moedjaci-w9gquo\" class=\"wp-block-button spectra-buttons wp-block-spectra-buttons\">\n\t\n<a data-spectra-id=\"spectra-moedjb7k-8kmvl4\" href=\"https:\/\/wa.me\/34631765559?text=Hola%2C%20quiero%20reservar%20un%20chef%20privado%20en%20Madrid%20para%20una%20cena%20o%20evento.%20%C2%BFPodr%C3%ADas%20enviarme%20opciones%20de%20men%C3%BA%20y%20precios%3F\" target=\"_self\" aria-label=\"Reserva tu chef privado en Madrid por WhatsApp ahora\" style=\"--spectra-background-color: vivid-green-cyan\" class=\"wp-block-button__link wp-element-button spectra-background-color wp-block-spectra-button has-background has-vivid-green-cyan-background-color\">\n<div class=\"spectra-button__link\">Reserva tu chef privado en Madrid por WhatsApp ahora<\/div><\/a>\n\n<\/div>\n\n<\/div>\n<\/div>\n<\/div>\n<\/div>\n<\/div>\n\n\n\n<div class=\"wp-block-columns is-layout-flex wp-container-core-columns-is-layout-28f84493 wp-block-columns-is-layout-flex\">\n<div class=\"wp-block-column has-background is-layout-flow wp-block-column-is-layout-flow\" style=\"border-top-left-radius:28px;border-top-right-radius:28px;border-bottom-left-radius:28px;border-bottom-right-radius:28px;background-color:#f5f5f5\">\n<h2 class=\"wp-block-heading alignfull has-text-align-center\">Reserva tu chef privado en Madrid<\/h2>\n\n\n\n<p class=\"has-text-align-center has-medium-font-size\">Disfruta de una experiencia gastron\u00f3mica \u00fanica en tu casa con un chef privado en Madrid y men\u00fa totalmente personalizado.<\/p>\n\n\n\n<p class=\"has-text-align-center has-ast-global-color-3-color has-text-color has-link-color wp-elements-1a3b7ef94413943f9697effd4d1b7eef\">Disponibilidad limitada para fines de semana en Madrid<\/p>\n\n\n\n<p class=\"has-text-align-center has-ast-global-color-3-color has-text-color has-link-color wp-elements-c61a374783440d0009e0805c4d3642d4\">Reserva ahora por WhatsApp y recibe respuesta en menos de 1 hora.<\/p>\n\n\n\n<div class=\"wp-block-buttons is-content-justification-center is-layout-flex wp-container-core-buttons-is-layout-535287be wp-block-buttons-is-layout-flex\" style=\"margin-top:var(--wp--preset--spacing--40);margin-bottom:var(--wp--preset--spacing--40);padding-right:var(--wp--preset--spacing--20);padding-left:var(--wp--preset--spacing--20)\">\n<div class=\"wp-block-button\"><a class=\"wp-block-button__link has-vivid-green-cyan-background-color has-background wp-element-button\" href=\"https:\/\/wa.me\/34631765559?text=Hola%2C%20quiero%20reservar%20un%20chef%20privado%20en%20Madrid%20para%20una%20cena%20o%20evento.%20%C2%BFPodr%C3%ADas%20enviarme%20opciones%20de%20men%C3%BA%20y%20precios%3F\" style=\"border-top-left-radius:76px;border-top-right-radius:76px;border-bottom-left-radius:76px;border-bottom-right-radius:76px;padding-top:var(--wp--preset--spacing--20);padding-right:var(--wp--preset--spacing--20);padding-bottom:var(--wp--preset--spacing--20);padding-left:var(--wp--preset--spacing--20)\">Reservar chef privado en Madrid por WhatsApp<\/a><\/div>\n<\/div>\n<\/div>\n<\/div>","protected":false},"excerpt":{"rendered":"<p>Chef privado en Madrid para cenas y eventos privados Disfruta de un chef privado en Madrid en tu casa con una experiencia gastron\u00f3mica \u00fanica. Creamos men\u00fas personalizados de cocina india para cenas privadas, ocasiones especiales y eventos exclusivos. Si prefieres un servicio m\u00e1s completo, puedes ver nuestro catering en casa en Madrid. Experiencia de chef [&hellip;]<\/p>\n","protected":false},"author":1,"featured_media":0,"parent":0,"menu_order":0,"comment_status":"closed","ping_status":"closed","template":"","meta":{"_uag_custom_page_level_css":"","site-sidebar-layout":"no-sidebar","site-content-layout":"plain-container","ast-site-content-layout":"normal-width-container","site-content-style":"unboxed","site-sidebar-style":"unboxed","ast-global-header-display":"","ast-banner-title-visibility":"","ast-main-header-display":"","ast-hfb-above-header-display":"","ast-hfb-below-header-display":"","ast-hfb-mobile-header-display":"","site-post-title":"disabled","ast-breadcrumbs-content":"","ast-featured-img":"disabled","footer-sml-layout":"","ast-disable-related-posts":"","theme-transparent-header-meta":"disabled","adv-header-id-meta":"","stick-header-meta":"","header-above-stick-meta":"","header-main-stick-meta":"","header-below-stick-meta":"","astra-migrate-meta-layouts":"set","ast-page-background-enabled":"default","ast-page-background-meta":{"desktop":{"background-color":"","background-image":"","background-repeat":"repeat","background-position":"center center","background-size":"auto","background-attachment":"scroll","background-type":"","background-media":"","overlay-type":"","overlay-color":"","overlay-opacity":"","overlay-gradient":""},"tablet":{"background-color":"","background-image":"","background-repeat":"repeat","background-position":"center center","background-size":"auto","background-attachment":"scroll","background-type":"","background-media":"","overlay-type":"","overlay-color":"","overlay-opacity":"","overlay-gradient":""},"mobile":{"background-color":"","background-image":"","background-repeat":"repeat","background-position":"center center","background-size":"auto","background-attachment":"scroll","background-type":"","background-media":"","overlay-type":"","overlay-color":"","overlay-opacity":"","overlay-gradient":""}},"ast-content-background-meta":{"desktop":{"background-color":"var(--ast-global-color-5)","background-image":"","background-repeat":"repeat","background-position":"center center","background-size":"auto","background-attachment":"scroll","background-type":"","background-media":"","overlay-type":"","overlay-color":"","overlay-opacity":"","overlay-gradient":""},"tablet":{"background-color":"var(--ast-global-color-5)","background-image":"","background-repeat":"repeat","background-position":"center center","background-size":"auto","background-attachment":"scroll","background-type":"","background-media":"","overlay-type":"","overlay-color":"","overlay-opacity":"","overlay-gradient":""},"mobile":{"background-color":"var(--ast-global-color-5)","background-image":"","background-repeat":"repeat","background-position":"center center","background-size":"auto","background-attachment":"scroll","background-type":"","background-media":"","overlay-type":"","overlay-color":"","overlay-opacity":"","overlay-gradient":""}},"footnotes":""},"class_list":["post-368","page","type-page","status-publish","hentry"],"aioseo_notices":[],"uagb_featured_image_src":{"full":false,"thumbnail":false,"medium":false,"medium_large":false,"large":false,"1536x1536":false,"2048x2048":false,"trp-custom-language-flag":false},"uagb_author_info":{"display_name":"chef.afzal.kitchen@gmail.com","author_link":"https:\/\/afzal-kitchen.es\/en\/author\/chef-afzal-kitchengmail-com\/"},"uagb_comment_info":0,"uagb_excerpt":"Chef privado en Madrid para cenas y eventos privados Disfruta de un chef privado en Madrid en tu casa con una experiencia gastron\u00f3mica \u00fanica. Creamos men\u00fas personalizados de cocina india para cenas privadas, ocasiones especiales y eventos exclusivos. Si prefieres un servicio m\u00e1s completo, puedes ver nuestro catering en casa en Madrid. Experiencia de chef&hellip;","_links":{"self":[{"href":"https:\/\/afzal-kitchen.es\/en\/wp-json\/wp\/v2\/pages\/368","targetHints":{"allow":["GET"]}}],"collection":[{"href":"https:\/\/afzal-kitchen.es\/en\/wp-json\/wp\/v2\/pages"}],"about":[{"href":"https:\/\/afzal-kitchen.es\/en\/wp-json\/wp\/v2\/types\/page"}],"author":[{"embeddable":true,"href":"https:\/\/afzal-kitchen.es\/en\/wp-json\/wp\/v2\/users\/1"}],"replies":[{"embeddable":true,"href":"https:\/\/afzal-kitchen.es\/en\/wp-json\/wp\/v2\/comments?post=368"}],"version-history":[{"count":167,"href":"https:\/\/afzal-kitchen.es\/en\/wp-json\/wp\/v2\/pages\/368\/revisions"}],"predecessor-version":[{"id":5862,"href":"https:\/\/afzal-kitchen.es\/en\/wp-json\/wp\/v2\/pages\/368\/revisions\/5862"}],"wp:attachment":[{"href":"https:\/\/afzal-kitchen.es\/en\/wp-json\/wp\/v2\/media?parent=368"}],"curies":[{"name":"wp","href":"https:\/\/api.w.org\/{rel}","templated":true}]}}