{"id":366,"date":"2026-03-16T14:26:07","date_gmt":"2026-03-16T14:26:07","guid":{"rendered":"https:\/\/afzal-kitchen.es\/home\/"},"modified":"2026-05-06T20:36:56","modified_gmt":"2026-05-06T19:36:56","slug":"inicio","status":"publish","type":"page","link":"https:\/\/afzal-kitchen.es\/en\/","title":{"rendered":"Inicio"},"content":{"rendered":"<div class=\"wp-block-columns whatsapp-track has-background is-layout-flex wp-container-core-columns-is-layout-28f84493 wp-block-columns-is-layout-flex\" style=\"border-top-left-radius:31px;border-top-right-radius:31px;border-bottom-left-radius:31px;border-bottom-right-radius:31px;background-color:#f5f5f5\">\n<div class=\"wp-block-column is-layout-flow wp-block-column-is-layout-flow\">\n<h1 class=\"wp-block-heading alignfull has-text-align-center\">Catering en casa Madrid y chef privado para eventos<\/h1>\n\n\n\n<h3 class=\"wp-block-heading alignfull has-text-align-center\">25+ a\u00f1os de experiencia \u2022 M\u00e1s de 10.000 clientes satisfechos \u2022 Aut\u00e9ntica cocina india<\/h3>\n\n\n\n<p class=\"has-text-align-center has-ast-global-color-3-color has-text-color has-link-color wp-elements-c62ef4c504b82ed97be1be3ed2d6314e\">Disfruta de un servicio de <a href=\"\/en\/catering-en-casa-madrid\/\" title=\"catering en casa en Madrid\">catering en casa en Madrid<\/a> y <a href=\"https:\/\/afzal-kitchen.es\/en\/chef-privado-madrid\/\" title=\"Chef Privado Madrid\">chef privado en Madrid <\/a>con men\u00fas personalizados de cocina india. Ideal para cumplea\u00f1os, cenas privadas y eventos especiales.<\/p>\n\n\n\n<p class=\"has-text-align-center has-ast-global-color-3-color has-text-color has-link-color wp-elements-2655ef4159afcaa0251035eafc0a2c57\">Organiza tu evento en casa sin complicaciones y recibe tu presupuesto en menos de 1 hora por WhatsApp.<\/p>\n\n\n<div data-spectra-id=\"spectra-mo90cf7d-ccgak0\" class=\"wp-block-button spectra-buttons wp-block-spectra-buttons\">\n\t\n<a data-spectra-id=\"spectra-mo90cfka-s7tyk2\" href=\"https:\/\/wa.me\/34631765559?text=Hola,%20quiero%20informaci\u00f3n%20sobre%20chef%20privado%20y%20catering%20en%20Madrid\" target=\"_self\" aria-label=\"Pedir catering o chef privado en Madrid por WhatsApp\" style=\"--spectra-background-color: ast-global-color-1\" class=\"wp-block-button__link wp-element-button spectra-background-color wp-block-spectra-button has-background has-ast-global-color-1-background-color\">\n<div class=\"spectra-button__link\">Pedir catering o chef privado en Madrid por WhatsApp<\/div><\/a>\n\n<\/div>\n\n\n<div data-spectra-id=\"spectra-mngacppk-sg7ub1\" class=\"wp-block-button spectra-buttons wp-block-spectra-buttons\">\n\t\n<a data-spectra-id=\"spectra-mnox9ev8-a5r0fm\" href=\"https:\/\/afzal-kitchen.es\/en\/menu\/\" target=\"_self\" aria-label=\"Ver men\u00fa de cocina india en Madrid\" style=\"--spectra-text-color: ast-global-color-1\" class=\"wp-block-button__link wp-element-button spectra-text-color wp-elements-0130140ffe2a494e68e4eb2060201d2e wp-block-spectra-button has-text-color has-ast-global-color-1-color\">\n<div class=\"spectra-button__link\">Ver men\u00fa de cocina india en Madrid<\/div><\/a>\n\n<\/div>\n<\/div>\n<\/div>\n\n\n\n<figure data-spectra-id=\"spectra-mngagcs3-762yan\" class=\"wp-block-image alignfull size-full\"><img fetchpriority=\"high\" decoding=\"async\" width=\"1200\" height=\"800\" src=\"https:\/\/afzal-kitchen.es\/wp-content\/uploads\/2026\/04\/catering-en-casa-chef-privado-madrid.webp\" alt=\"catering-en-casa-chef-privado-madrid.\" class=\"wp-image-4694\" srcset=\"https:\/\/afzal-kitchen.es\/wp-content\/uploads\/2026\/04\/catering-en-casa-chef-privado-madrid.webp 1200w, https:\/\/afzal-kitchen.es\/wp-content\/uploads\/2026\/04\/catering-en-casa-chef-privado-madrid-300x200.webp 300w, https:\/\/afzal-kitchen.es\/wp-content\/uploads\/2026\/04\/catering-en-casa-chef-privado-madrid-1024x683.webp 1024w, https:\/\/afzal-kitchen.es\/wp-content\/uploads\/2026\/04\/catering-en-casa-chef-privado-madrid-768x512.webp 768w\" sizes=\"(max-width: 1200px) 100vw, 1200px\" \/><\/figure>\n\n\n\n<div class=\"wp-block-columns alignfull is-layout-flex wp-container-core-columns-is-layout-28f84493 wp-block-columns-is-layout-flex\">\n<div class=\"wp-block-column has-text-color has-background has-link-color wp-elements-2ce7b059f1fac8526f7dbd948902f02d is-layout-flow wp-container-core-column-is-layout-334757f1 wp-block-column-is-layout-flow\" style=\"border-top-left-radius:50px;border-top-right-radius:50px;border-bottom-left-radius:50px;border-bottom-right-radius:50px;color:#444444;background-color:#f5f5f5;padding-top:var(--wp--preset--spacing--20);padding-right:var(--wp--preset--spacing--20);padding-bottom:var(--wp--preset--spacing--20);padding-left:var(--wp--preset--spacing--20)\">\n<h2 class=\"wp-block-heading alignfull has-text-align-center\">Catering en casa en Madrid para eventos y celebraciones<\/h2>\n\n\n\n<p class=\"has-text-align-center\">Ofrecemos un servicio de catering en casa en Madrid con men\u00fas personalizados y atenci\u00f3n cuidada para todo tipo de celebraciones. Nos adaptamos a cumplea\u00f1os, cenas privadas y eventos familiares para que disfrutes sin preocuparte por nada.<\/p>\n\n\n\n<ul class=\"wp-block-list\">\n<li>Cumplea\u00f1os en casa<\/li>\n\n\n\n<li>Cenas privadas<\/li>\n\n\n\n<li>Reuniones familiares<\/li>\n\n\n\n<li>Aniversarios y celebraciones especiales<\/li>\n<\/ul>\n\n\n\n<p class=\"has-text-align-center has-ast-global-color-2-color has-text-color has-link-color wp-elements-052eff59963c5dee41b3e610c582da9a\">Si est\u00e1s organizando un cumplea\u00f1os, puedes ver nuestro servicio de <a href=\"\/en\/catering-para-cumpleanos-madrid\/\" title=\"catering para cumplea\u00f1os en Madrid.\">catering para cumplea\u00f1os en Madrid.<\/a><\/p>\n\n\n\n<p class=\"has-text-align-center\">Pide tu catering en casa en Madrid por WhatsApp<\/p>\n\n\n<div data-spectra-id=\"spectra-mnk7hsik-9fs7km\" class=\"wp-block-button spectra-buttons wp-block-spectra-buttons\">\n\t\n<a data-spectra-id=\"spectra-mnk7hsyb-kah8g5\" href=\"https:\/\/wa.me\/34631765559?text=Hola,%20quiero%20informaci\u00f3n%20sobre%20chef%20privado%20y%20catering%20en%20Madrid\" target=\"_self\" aria-label=\"Pedir catering en casa en Madrid por WhatsApp\" style=\"--spectra-background-color: vivid-green-cyan\" class=\"wp-block-button__link wp-element-button spectra-background-color wp-block-spectra-button has-background has-vivid-green-cyan-background-color\">\n<div class=\"spectra-button__link\">Pedir catering en casa en Madrid por WhatsApp<\/div><\/a>\n\n<\/div>\n<\/div>\n<\/div>\n\n\n\n<div class=\"wp-block-columns has-background is-layout-flex wp-container-core-columns-is-layout-28f84493 wp-block-columns-is-layout-flex\" style=\"border-top-left-radius:50px;border-top-right-radius:50px;border-bottom-left-radius:50px;border-bottom-right-radius:50px;background-color:#f5f5f5\">\n<div class=\"wp-block-column is-layout-flow wp-block-column-is-layout-flow\">\n<h2 class=\"wp-block-heading has-text-align-center\">C\u00f3mo funciona el catering en casa en Madrid<\/h2>\n\n\n\n<p class=\"has-text-align-center has-ast-global-color-2-color has-text-color has-link-color wp-elements-4344f243afe83bd8cad20f96f3837ab2\">Organizar un catering en casa en Madrid es f\u00e1cil y r\u00e1pido. Nos encargamos de todo para que disfrutes de tu evento sin preocupaciones.<\/p>\n\n\n\n<figure data-spectra-id=\"spectra-mofze9so-5c0rl5\" class=\"wp-block-image alignfull size-full\"><img decoding=\"async\" width=\"800\" height=\"653\" src=\"https:\/\/afzal-kitchen.es\/wp-content\/uploads\/2026\/04\/menu-cocina-india-eventos-casa-madrid.webp\" alt=\"\" class=\"wp-image-4714\" srcset=\"https:\/\/afzal-kitchen.es\/wp-content\/uploads\/2026\/04\/menu-cocina-india-eventos-casa-madrid.webp 800w, https:\/\/afzal-kitchen.es\/wp-content\/uploads\/2026\/04\/menu-cocina-india-eventos-casa-madrid-300x245.webp 300w, https:\/\/afzal-kitchen.es\/wp-content\/uploads\/2026\/04\/menu-cocina-india-eventos-casa-madrid-768x627.webp 768w\" sizes=\"(max-width: 800px) 100vw, 800px\" \/><\/figure>\n\n\n\n<ul class=\"wp-block-list\">\n<li>Escr\u00edbenos por WhatsApp con los detalles de tu evento<\/li>\n\n\n\n<li>Te enviamos un men\u00fa personalizado con precio<\/li>\n\n\n\n<li>Confirmas la reserva<\/li>\n\n\n\n<li>Llevamos el catering a tu casa el d\u00eda del evento<\/li>\n<\/ul>\n<\/div>\n<\/div>\n\n\n\n<p class=\"has-text-align-center has-ast-global-color-3-color has-ast-global-color-0-background-color has-text-color has-background has-link-color wp-elements-21a1537ed3549292f674a58f26659b19\"><a href=\"\/en\/catering-en-casa-madrid\/\" title=\"Si quieres ver m\u00e1s detalles, puedes consultar nuestro servicio de catering en casa en Madrid\">Si quieres ver m\u00e1s detalles, puedes consultar nuestro servicio de catering en casa en Madrid<\/a><\/p>\n\n\n<div data-spectra-id=\"spectra-mooh17mp-hrw3eo\" style=\"--spectra-background-color-hover: var(--ast-global-color-5);\" class=\"wp-block-button spectra-buttons spectra-background-color-hover wp-block-spectra-buttons\">\n\t\n<a data-spectra-id=\"spectra-mooh1829-6kozxg\" href=\"https:\/\/wa.me\/34631765559?text=Hola,%20quiero%20informaci\u00f3n%20sobre%20chef%20privado%20y%20catering%20en%20Madrid\" target=\"_self\" aria-label=\"Pide tu catering en casa en Madrid por WhatsApp\" style=\"--spectra-background-color: vivid-green-cyan\" class=\"wp-block-button__link wp-element-button spectra-background-color wp-block-spectra-button has-background has-vivid-green-cyan-background-color\">\n<div class=\"spectra-button__link\">Pide tu catering en casa en Madrid por WhatsApp<\/div><\/a>\n\n<\/div>\n\n\n<div data-spectra-id=\"spectra-mngekofi-j0jxl2\"\tstyle=\"overflow: visible; --spectra-background-color: #f5f5f5;\" class=\"spectra-is-root-container alignfull spectra-overlay-color spectra-overflow spectra-background-color wp-block-spectra-container\" data-orientation=\"vertical\"\t>\n\t\n\n<h2 class=\"wp-block-heading has-text-align-center\">Catering para cumplea\u00f1os en Madrid en casa<\/h2>\n\n\n\n<p class=\"has-text-align-center has-ast-global-color-3-color has-text-color has-link-color wp-elements-ef69cde71e8509572dca86805f21975d\">Ofrecemos catering para cumplea\u00f1os en Madrid en casa con men\u00fas adaptados para ni\u00f1os y adultos. Una opci\u00f3n perfecta para celebrar sin complicaciones con comida reci\u00e9n preparada y servicio a domicilio.<\/p>\n\n\n\n<ul class=\"wp-block-list\">\n<li>Men\u00fa adaptado para ni\u00f1os y adultos<\/li>\n\n\n\n<li>Opciones vegetarianas disponibles<\/li>\n\n\n\n<li>Servicio completo en casa<\/li>\n\n\n\n<li>Comida reci\u00e9n preparada<\/li>\n\n\n\n<li>Atenci\u00f3n r\u00e1pida por WhatsApp<\/li>\n<\/ul>\n\n\n\n<p class=\"has-text-align-center has-medium-font-size\">Puedes ver todos los detalles en nuestro servicio de catering para cumplea\u00f1os en Madrid.<\/p>\n\n\n\n<p class=\"has-vivid-green-cyan-color has-text-color has-link-color wp-elements-be68af91d8c21a5103b81625ee4bc940\">Ni\u00f1os menores de cierta edad pueden tener precio reducido en el catering.<\/p>\n\n\n<div data-spectra-id=\"spectra-mnx95hd5-sbf0wu\" class=\"wp-block-button spectra-buttons wp-block-spectra-buttons\">\n\t\n<a data-spectra-id=\"spectra-mnx95htm-irk74s\" href=\"https:\/\/wa.me\/34631765559?text=Hola,%20quiero%20informaci\u00f3n%20sobre%20chef%20privado%20y%20catering%20en%20Madrid\" target=\"_self\" aria-label=\"Pide catering para cumplea\u00f1os en Madrid por WhatsApp\" style=\"background-color:#25d366\" class=\"wp-block-button__link wp-element-button wp-block-spectra-button has-background\">\n<div class=\"spectra-button__link\">Pide catering para cumplea\u00f1os en Madrid por WhatsApp<\/div><\/a>\n\n<\/div>\n\n\n<div data-spectra-id=\"spectra-mnx96e47-rn6n0w\" class=\"wp-block-button spectra-buttons wp-block-spectra-buttons\">\n\t\n<a data-spectra-id=\"spectra-mnx96eo0-n6ai6w\" style=\"--spectra-text-color: ast-global-color-1\" class=\"wp-block-button__link wp-element-button spectra-text-color wp-elements-4db38d553b86e37c42d404c88bca279c wp-block-spectra-button has-text-color has-ast-global-color-1-color\">\n<div class=\"spectra-button__link\">Ver men\u00fa<\/div><\/a>\n\n<\/div>\n\n<\/div>\n\n\n<div data-spectra-id=\"spectra-mngexqu5-dszotb\"\tstyle=\"overflow: visible; --spectra-background-color: #f5f5f5;\" class=\"spectra-is-root-container alignfull spectra-overlay-color spectra-overflow spectra-background-color wp-block-spectra-container\" data-orientation=\"vertical\"\t>\n\t\n\n<h2 class=\"wp-block-heading has-text-align-center\">Preguntas frecuentes sobre catering en casa en Madrid<\/h2>\n\n\n\n<figure data-spectra-id=\"spectra-mnkbvqmp-t0306i\" class=\"wp-block-image size-large has-custom-border\"><img decoding=\"async\" width=\"1024\" height=\"576\" src=\"https:\/\/afzal-kitchen.es\/wp-content\/uploads\/2026\/04\/cena-india-catering-en-casa-madrid-1024x576.webp\" alt=\"personas disfrutando cena india en casa con catering en Madrid\" class=\"wp-image-4858\" srcset=\"https:\/\/afzal-kitchen.es\/wp-content\/uploads\/2026\/04\/cena-india-catering-en-casa-madrid-1024x576.webp 1024w, https:\/\/afzal-kitchen.es\/wp-content\/uploads\/2026\/04\/cena-india-catering-en-casa-madrid-300x169.webp 300w, https:\/\/afzal-kitchen.es\/wp-content\/uploads\/2026\/04\/cena-india-catering-en-casa-madrid-768x432.webp 768w, https:\/\/afzal-kitchen.es\/wp-content\/uploads\/2026\/04\/cena-india-catering-en-casa-madrid.webp 1200w\" sizes=\"(max-width: 1024px) 100vw, 1024px\" \/><\/figure>\n\n\n\n<h3 class=\"wp-block-heading has-text-align-center\">\u00bfCu\u00e1nto cuesta el catering en casa en Madrid?<\/h3>\n\n\n\n<p class=\"has-text-align-center has-ast-global-color-3-color has-text-color has-link-color wp-elements-1c48a82d0bde037715dfa82219d3db30\">El precio empieza desde 12\u20ac por persona, dependiendo del men\u00fa y n\u00famero de invitados.<\/p>\n\n\n\n<h3 class=\"wp-block-heading\">\u00bfPara cu\u00e1ntas personas es el servicio?<\/h3>\n\n\n\n<p class=\"has-text-align-center has-ast-global-color-3-color has-text-color has-link-color wp-elements-5950441add09ca8b9e39953c73d6f814\">Nos adaptamos a grupos peque\u00f1os y eventos m\u00e1s grandes seg\u00fan tus necesidades.<\/p>\n\n\n\n<h3 class=\"wp-block-heading\">\u00bfIncluye entrega a domicilio?<\/h3>\n\n\n\n<p>S\u00ed, llevamos el catering directamente a tu casa en Madrid el d\u00eda del evento.<\/p>\n\n\n\n<h3 class=\"wp-block-heading\">\u00bfSe puede personalizar el men\u00fa?<\/h3>\n\n\n\n<p>S\u00ed, ofrecemos men\u00fas personalizados seg\u00fan el tipo de evento y preferencias.<\/p>\n\n\n\n<h3 class=\"wp-block-heading\">\u00bfC\u00f3mo reservar el catering en casa en Madrid?<\/h3>\n\n\n\n<p>Puedes reservar f\u00e1cilmente por WhatsApp y recibir una propuesta en menos de 1 hora.<\/p>\n\n\n\n<p class=\"has-text-align-center has-ast-global-color-3-color has-text-color has-link-color wp-elements-b52056cdd982e5d9295187dd7bc96a5b\"><a href=\"\/en\/catering-en-casa-madrid\/\" title=\"Puedes ver m\u00e1s detalles en nuestro servicio de catering en casa en Madrid\">Puedes ver m\u00e1s detalles en nuestro servicio de catering en casa en Madrid<\/a>.<\/p>\n\n<\/div>\n\n\n\n<div class=\"wp-block-columns has-background is-layout-flex wp-container-core-columns-is-layout-28f84493 wp-block-columns-is-layout-flex\" style=\"border-top-left-radius:30px;border-top-right-radius:30px;border-bottom-left-radius:30px;border-bottom-right-radius:30px;background-color:#f5f5f5\">\n<div class=\"wp-block-column is-layout-flow wp-block-column-is-layout-flow\">\n<h2 class=\"wp-block-heading has-text-align-center\">Men\u00fa de catering en Madrid con cocina india<\/h2>\n\n\n\n<p class=\"has-text-align-center has-ast-global-color-3-color has-text-color has-link-color wp-elements-0c0e7715193c1e41dc56fe413f6b0fe2\">Descubre nuestro men\u00fa de catering en Madrid con platos de cocina india aut\u00e9ntica, preparados al momento y adaptados a cada tipo de evento en casa.<\/p>\n\n\n\n<ul class=\"wp-block-list\">\n<li>Men\u00fas personalizados seg\u00fan tu evento<\/li>\n\n\n\n<li> Opciones vegetarianas y no vegetarianas<\/li>\n\n\n\n<li> Entrantes, platos principales y acompa\u00f1amientos <\/li>\n\n\n\n<li>Preparaci\u00f3n fresca en el momento<\/li>\n<\/ul>\n\n\n\n<p class=\"has-text-align-center has-ast-global-color-3-color has-text-color has-link-color wp-elements-5f86ad7611748746873c18395b58892d\"><a href=\"\/en\/menu\/\" title=\"Puedes ver el men\u00fa completo en nuestra p\u00e1gina de men\u00fa de catering en Madrid.\">Puedes ver el men\u00fa completo en nuestra p\u00e1gina de men\u00fa de catering en Madrid.<\/a><\/p>\n\n\n<div data-spectra-id=\"spectra-mnoxn0b6-misemm\" class=\"wp-block-button spectra-buttons wp-block-spectra-buttons\">\n\t\n<a data-spectra-id=\"spectra-mnoxn0rq-4k8um1\" href=\"https:\/\/afzal-kitchen.es\/en\/menu\/\" target=\"_self\" aria-label=\"Ver men\u00fa completo\" style=\"--spectra-text-color: ast-global-color-1\" class=\"wp-block-button__link wp-element-button spectra-text-color wp-elements-e1c623b51a152122f055f3a5d8686686 wp-block-spectra-button has-text-color has-ast-global-color-1-color\">\n<div class=\"spectra-button__link\">Ver men\u00fa completo<\/div><\/a>\n\n<\/div>\n\n\n<div data-spectra-id=\"spectra-mngf3huw-ptqpxz\" class=\"wp-block-button spectra-buttons wp-block-spectra-buttons\">\n\t\n<a data-spectra-id=\"spectra-mngf3i7w-8ho4jf\" href=\"https:\/\/wa.me\/34631765559?text=Hola,%20quiero%20informaci\u00f3n%20sobre%20chef%20privado%20y%20catering%20en%20Madrid\" target=\"_self\" aria-label=\"Reserva tu catering o chef privado en Madrid\" style=\"--spectra-background-color: vivid-green-cyan\" class=\"wp-block-button__link wp-element-button spectra-background-color wp-block-spectra-button has-background has-vivid-green-cyan-background-color\">\n<div class=\"spectra-button__link\">Reserva tu catering o chef privado en Madrid<\/div><\/a>\n\n<\/div>\n<\/div>\n<\/div>\n\n\n\n<p><\/p>","protected":false},"excerpt":{"rendered":"<p>Catering en casa Madrid y chef privado para eventos 25+ a\u00f1os de experiencia \u2022 M\u00e1s de 10.000 clientes satisfechos \u2022 Aut\u00e9ntica cocina india Disfruta de un servicio de catering en casa en Madrid y chef privado en Madrid con men\u00fas personalizados de cocina india. Ideal para cumplea\u00f1os, cenas privadas y eventos especiales. Organiza tu evento [&hellip;]<\/p>\n","protected":false},"author":1,"featured_media":0,"parent":0,"menu_order":0,"comment_status":"closed","ping_status":"closed","template":"","meta":{"_uag_custom_page_level_css":"","site-sidebar-layout":"no-sidebar","site-content-layout":"plain-container","ast-site-content-layout":"normal-width-container","site-content-style":"unboxed","site-sidebar-style":"unboxed","ast-global-header-display":"","ast-banner-title-visibility":"","ast-main-header-display":"","ast-hfb-above-header-display":"","ast-hfb-below-header-display":"","ast-hfb-mobile-header-display":"","site-post-title":"disabled","ast-breadcrumbs-content":"","ast-featured-img":"disabled","footer-sml-layout":"","ast-disable-related-posts":"","theme-transparent-header-meta":"disabled","adv-header-id-meta":"","stick-header-meta":"","header-above-stick-meta":"","header-main-stick-meta":"","header-below-stick-meta":"","astra-migrate-meta-layouts":"set","ast-page-background-enabled":"default","ast-page-background-meta":{"desktop":{"background-color":"","background-image":"","background-repeat":"repeat","background-position":"center center","background-size":"auto","background-attachment":"scroll","background-type":"","background-media":"","overlay-type":"","overlay-color":"","overlay-opacity":"","overlay-gradient":""},"tablet":{"background-color":"","background-image":"","background-repeat":"repeat","background-position":"center center","background-size":"auto","background-attachment":"scroll","background-type":"","background-media":"","overlay-type":"","overlay-color":"","overlay-opacity":"","overlay-gradient":""},"mobile":{"background-color":"","background-image":"","background-repeat":"repeat","background-position":"center center","background-size":"auto","background-attachment":"scroll","background-type":"","background-media":"","overlay-type":"","overlay-color":"","overlay-opacity":"","overlay-gradient":""}},"ast-content-background-meta":{"desktop":{"background-color":"var(--ast-global-color-5)","background-image":"","background-repeat":"repeat","background-position":"center center","background-size":"auto","background-attachment":"scroll","background-type":"","background-media":"","overlay-type":"","overlay-color":"","overlay-opacity":"","overlay-gradient":""},"tablet":{"background-color":"var(--ast-global-color-5)","background-image":"","background-repeat":"repeat","background-position":"center center","background-size":"auto","background-attachment":"scroll","background-type":"","background-media":"","overlay-type":"","overlay-color":"","overlay-opacity":"","overlay-gradient":""},"mobile":{"background-color":"var(--ast-global-color-5)","background-image":"","background-repeat":"repeat","background-position":"center center","background-size":"auto","background-attachment":"scroll","background-type":"","background-media":"","overlay-type":"","overlay-color":"","overlay-opacity":"","overlay-gradient":""}},"footnotes":""},"class_list":["post-366","page","type-page","status-publish","hentry"],"aioseo_notices":[],"uagb_featured_image_src":{"full":false,"thumbnail":false,"medium":false,"medium_large":false,"large":false,"1536x1536":false,"2048x2048":false,"trp-custom-language-flag":false},"uagb_author_info":{"display_name":"chef.afzal.kitchen@gmail.com","author_link":"https:\/\/afzal-kitchen.es\/en\/author\/chef-afzal-kitchengmail-com\/"},"uagb_comment_info":0,"uagb_excerpt":"Catering en casa Madrid y chef privado para eventos 25+ a\u00f1os de experiencia \u2022 M\u00e1s de 10.000 clientes satisfechos \u2022 Aut\u00e9ntica cocina india Disfruta de un servicio de catering en casa en Madrid y chef privado en Madrid con men\u00fas personalizados de cocina india. Ideal para cumplea\u00f1os, cenas privadas y eventos especiales. Organiza tu evento&hellip;","_links":{"self":[{"href":"https:\/\/afzal-kitchen.es\/en\/wp-json\/wp\/v2\/pages\/366","targetHints":{"allow":["GET"]}}],"collection":[{"href":"https:\/\/afzal-kitchen.es\/en\/wp-json\/wp\/v2\/pages"}],"about":[{"href":"https:\/\/afzal-kitchen.es\/en\/wp-json\/wp\/v2\/types\/page"}],"author":[{"embeddable":true,"href":"https:\/\/afzal-kitchen.es\/en\/wp-json\/wp\/v2\/users\/1"}],"replies":[{"embeddable":true,"href":"https:\/\/afzal-kitchen.es\/en\/wp-json\/wp\/v2\/comments?post=366"}],"version-history":[{"count":205,"href":"https:\/\/afzal-kitchen.es\/en\/wp-json\/wp\/v2\/pages\/366\/revisions"}],"predecessor-version":[{"id":5864,"href":"https:\/\/afzal-kitchen.es\/en\/wp-json\/wp\/v2\/pages\/366\/revisions\/5864"}],"wp:attachment":[{"href":"https:\/\/afzal-kitchen.es\/en\/wp-json\/wp\/v2\/media?parent=366"}],"curies":[{"name":"wp","href":"https:\/\/api.w.org\/{rel}","templated":true}]}}